{"id":998,"date":"2021-11-11T10:38:17","date_gmt":"2021-11-11T10:38:17","guid":{"rendered":"https:\/\/bridgemer-wp.shindico.com\/investition\/"},"modified":"2024-12-19T14:33:52","modified_gmt":"2024-12-19T14:33:52","slug":"investment","status":"publish","type":"page","link":"https:\/\/bridgemer.com\/de\/investment\/","title":{"rendered":"Investment"},"content":{"rendered":"<p>[et_pb_section fb_built=&#8220;1&#8243; admin_label=&#8220;Header&#8220; _builder_version=&#8220;4.16&#8243; background_enable_color=&#8220;off&#8220; background_image=&#8220;https:\/\/bridgemer.com\/wp-content\/uploads\/2021\/10\/investment_big.webp&#8220; parallax=&#8220;on&#8220; background_enable_video_mp4=&#8220;off&#8220; height=&#8220;750px&#8220; height_tablet=&#8220;400px&#8220; height_phone=&#8220;300px&#8220; height_last_edited=&#8220;on|phone&#8220; custom_padding=&#8220;8vw||0px||false|false&#8220; da_disable_devices=&#8220;off|off|off&#8220; global_colors_info=&#8220;{}&#8220; da_is_popup=&#8220;off&#8220; da_exit_intent=&#8220;off&#8220; da_has_close=&#8220;on&#8220; da_alt_close=&#8220;off&#8220; da_dark_close=&#8220;off&#8220; da_not_modal=&#8220;on&#8220; da_is_singular=&#8220;off&#8220; da_with_loader=&#8220;off&#8220; da_has_shadow=&#8220;on&#8220;][et_pb_row column_structure=&#8220;1_2,1_2&#8243; _builder_version=&#8220;4.16&#8243; width=&#8220;78%&#8220; max_width=&#8220;1500px&#8220; global_colors_info=&#8220;{}&#8220;][et_pb_column type=&#8220;1_2&#8243; _builder_version=&#8220;4.16&#8243; background_color=&#8220;#00385b&#8220; custom_padding=&#8220;|||&#8220; animation_style=&#8220;flip&#8220; border_radii=&#8220;on|10px|10px|10px|10px&#8220; box_shadow_style=&#8220;preset1&#8243; global_colors_info=&#8220;{}&#8220; custom_padding__hover=&#8220;|||&#8220;][et_pb_text _builder_version=&#8220;4.16&#8243; text_font=&#8220;||||||||&#8220; header_font=&#8220;Merriweather|700|||||||&#8220; header_font_size=&#8220;80px&#8220; header_line_height=&#8220;1.3em&#8220; use_background_color_gradient=&#8220;on&#8220; background_color_gradient_direction=&#8220;150deg&#8220; background_color_gradient_stops=&#8220;rgba(0,174,255,0.16) 0%|rgba(29,72,192,0) 100%&#8220; background_color_gradient_start=&#8220;rgba(0,174,255,0.16)&#8220; background_color_gradient_end=&#8220;rgba(29,72,192,0)&#8220; text_orientation=&#8220;right&#8220; background_layout=&#8220;dark&#8220; height_tablet=&#8220;&#8220; height_phone=&#8220;&#8220; height_last_edited=&#8220;on|phone&#8220; custom_padding=&#8220;70px|70px|70px|70px|true|true&#8220; custom_padding_tablet=&#8220;40px|40px|40px|40px|true|true&#8220; custom_padding_phone=&#8220;20px|20px|20px|20px|true|true&#8220; custom_padding_last_edited=&#8220;on|phone&#8220; header_font_size_tablet=&#8220;50px&#8220; header_font_size_phone=&#8220;30px&#8220; header_font_size_last_edited=&#8220;on|phone&#8220; box_shadow_style=&#8220;preset1&#8243; box_shadow_vertical=&#8220;40px&#8220; box_shadow_blur=&#8220;200px&#8220; box_shadow_spread=&#8220;-10px&#8220; global_colors_info=&#8220;{}&#8220;]<\/p>\n<h1>Investment<\/h1>\n<p>[\/et_pb_text][\/et_pb_column][et_pb_column type=&#8220;1_2&#8243; _builder_version=&#8220;4.16&#8243; _module_preset=&#8220;default&#8220; global_colors_info=&#8220;{}&#8220;][\/et_pb_column][\/et_pb_row][et_pb_row _builder_version=&#8220;4.16&#8243; _module_preset=&#8220;default&#8220; global_colors_info=&#8220;{}&#8220;][et_pb_column type=&#8220;4_4&#8243; _builder_version=&#8220;4.16&#8243; _module_preset=&#8220;default&#8220; global_colors_info=&#8220;{}&#8220;][et_pb_divider show_divider=&#8220;off&#8220; _builder_version=&#8220;4.16&#8243; _module_preset=&#8220;default&#8220; global_colors_info=&#8220;{}&#8220;][\/et_pb_divider][\/et_pb_column][\/et_pb_row][\/et_pb_section][et_pb_section fb_built=&#8220;1&#8243; next_background_color=&#8220;#00385b&#8220; bg_img_2=&#8220;https:\/\/bridgemer-wp.shindico.com\/wp-content\/uploads\/2021\/09\/business-05.jpg&#8220; admin_label=&#8220;About&#8220; _builder_version=&#8220;4.22.1&#8243; background_enable_image=&#8220;off&#8220; background_size=&#8220;initial&#8220; background_position=&#8220;top_center&#8220; bottom_divider_style=&#8220;triangle&#8220; da_disable_devices=&#8220;off|off|off&#8220; global_colors_info=&#8220;{}&#8220; custom_padding=&#8220;||98px|||&#8220; da_is_popup=&#8220;off&#8220; da_exit_intent=&#8220;off&#8220; da_has_close=&#8220;on&#8220; da_alt_close=&#8220;off&#8220; da_dark_close=&#8220;off&#8220; da_not_modal=&#8220;on&#8220; da_is_singular=&#8220;off&#8220; da_with_loader=&#8220;off&#8220; da_has_shadow=&#8220;on&#8220;][et_pb_row _builder_version=&#8220;4.16&#8243; locked=&#8220;off&#8220; global_colors_info=&#8220;{}&#8220; parallax_1__hover=&#8220;off&#8220; parallax_1__hover_enabled=&#8220;off&#8220; parallax_2__hover=&#8220;off&#8220; parallax_2__hover_enabled=&#8220;off&#8220; parallax_3__hover=&#8220;off&#8220; parallax_3__hover_enabled=&#8220;off&#8220; parallax_4__hover=&#8220;off&#8220; parallax_4__hover_enabled=&#8220;off&#8220; parallax_method_1__hover=&#8220;on&#8220; parallax_method_1__hover_enabled=&#8220;on&#8220; parallax_method_2__hover=&#8220;on&#8220; parallax_method_2__hover_enabled=&#8220;on&#8220; parallax_method_3__hover=&#8220;on&#8220; parallax_method_3__hover_enabled=&#8220;on&#8220; parallax_method_4__hover=&#8220;on&#8220; parallax_method_4__hover_enabled=&#8220;on&#8220;][et_pb_column type=&#8220;4_4&#8243; _builder_version=&#8220;4.16&#8243; custom_padding=&#8220;|||&#8220; global_colors_info=&#8220;{}&#8220; custom_padding__hover=&#8220;|||&#8220;][et_pb_text _builder_version=&#8220;4.16&#8243; text_font=&#8220;||||||||&#8220; header_font=&#8220;Merriweather||||||||&#8220; header_2_font=&#8220;Merriweather||||||||&#8220; header_2_font_size=&#8220;40px&#8220; header_2_line_height=&#8220;1.4em&#8220; header_4_font=&#8220;Merriweather|700||on|||||&#8220; header_4_text_color=&#8220;#1d48c0&#8243; header_4_font_size=&#8220;16px&#8220; header_4_letter_spacing=&#8220;2px&#8220; header_4_line_height=&#8220;1.6em&#8220; text_orientation=&#8220;center&#8220; max_width=&#8220;600px&#8220; module_alignment=&#8220;center&#8220; header_2_font_size_tablet=&#8220;30px&#8220; header_2_font_size_phone=&#8220;22px&#8220; header_2_font_size_last_edited=&#8220;on|phone&#8220; header_4_font_size_tablet=&#8220;&#8220; header_4_font_size_phone=&#8220;14px&#8220; header_4_font_size_last_edited=&#8220;on|phone&#8220; locked=&#8220;off&#8220; global_colors_info=&#8220;{}&#8220;]<\/p>\n<h4>Unsere Dienstleistungen<\/h4>\n<h2>Investment<\/h2>\n<p>[\/et_pb_text][\/et_pb_column][\/et_pb_row][et_pb_row _builder_version=&#8220;4.22.1&#8243; hover_enabled=&#8220;0&#8243; global_colors_info=&#8220;{}&#8220; sticky_enabled=&#8220;0&#8243;][et_pb_column type=&#8220;4_4&#8243; _builder_version=&#8220;4.16&#8243; custom_padding=&#8220;|||&#8220; global_colors_info=&#8220;{}&#8220; custom_padding__hover=&#8220;|||&#8220;][et_pb_text _builder_version=&#8220;4.16&#8243; text_font=&#8220;||||||||&#8220; header_2_font=&#8220;Glegoo||||||||&#8220; header_2_font_size=&#8220;40px&#8220; header_2_line_height=&#8220;1.4em&#8220; header_4_font=&#8220;|700||on|||||&#8220; header_4_text_color=&#8220;#1d48c0&#8243; header_4_font_size=&#8220;16px&#8220; header_4_letter_spacing=&#8220;2px&#8220; header_4_line_height=&#8220;1.6em&#8220; header_2_font_size_tablet=&#8220;30px&#8220; header_2_font_size_phone=&#8220;22px&#8220; header_2_font_size_last_edited=&#8220;on|phone&#8220; header_4_font_size_tablet=&#8220;&#8220; header_4_font_size_phone=&#8220;14px&#8220; header_4_font_size_last_edited=&#8220;on|phone&#8220; locked=&#8220;off&#8220; global_colors_info=&#8220;{}&#8220;]<\/p>\n<p>Wir sind erfolgreich, wenn wir Ihnen zum Erfolg verhelfen. Mit einem praxisnahen, ergebnisorientierten Ansatz werden Ihre Ziele zu unseren Zielen. Jeder Auftrag ist eine Gelegenheit, messbare Erfolge zu erzielen.  <\/p>\n<p>Nachhaltigkeit ist der Kern unserer Anlagephilosophie:<\/p>\n<ul>\n<li><strong>Echte Verm\u00f6genswerte<\/strong>, die den Test der Zeit bestehen.<\/li>\n<li><strong>Gesellschaftliche Auswirkungen<\/strong>, die einen positiven Wandel bewirken.<\/li>\n<li><strong>Finanzen<\/strong>, die widerstandsf\u00e4hig und zukunftssicher sind.<\/li>\n<li><strong>Governance<\/strong>, die Vertrauen und Verantwortlichkeit gew\u00e4hrleistet.<\/li>\n<\/ul>\n<p>Bei intelligenten Investitionen geht es nicht nur um das <em>Wieviel, sondern auch<\/em>um das <em>Wie<\/em>.  <\/p>\n<p>[\/et_pb_text][\/et_pb_column][\/et_pb_row][\/et_pb_section][et_pb_section fb_built=&#8220;1&#8243; _builder_version=&#8220;4.22.1&#8243; _module_preset=&#8220;default&#8220; background_color=&#8220;#00385b&#8220; background_enable_image=&#8220;off&#8220; da_disable_devices=&#8220;off|off|off&#8220; global_colors_info=&#8220;{}&#8220; da_is_popup=&#8220;off&#8220; da_exit_intent=&#8220;off&#8220; da_has_close=&#8220;on&#8220; da_alt_close=&#8220;off&#8220; da_dark_close=&#8220;off&#8220; da_not_modal=&#8220;on&#8220; da_is_singular=&#8220;off&#8220; da_with_loader=&#8220;off&#8220; da_has_shadow=&#8220;on&#8220;][et_pb_row _builder_version=&#8220;4.16&#8243; _module_preset=&#8220;default&#8220; global_colors_info=&#8220;{}&#8220;][et_pb_column type=&#8220;4_4&#8243; _builder_version=&#8220;4.16&#8243; _module_preset=&#8220;default&#8220; global_colors_info=&#8220;{}&#8220;][et_pb_text _builder_version=&#8220;4.16&#8243; _module_preset=&#8220;default&#8220; header_font=&#8220;Merriweather||||||||&#8220; header_text_color=&#8220;#FFFFFF&#8220; animation_style=&#8220;fade&#8220; global_colors_info=&#8220;{}&#8220;]<\/p>\n<h1 style=\"text-align: center;\">Dienstleistungen<\/h1>\n<p>[\/et_pb_text][\/et_pb_column][\/et_pb_row][et_pb_row column_structure=&#8220;1_3,1_3,1_3&#8243; custom_padding_last_edited=&#8220;on|phone&#8220; _builder_version=&#8220;4.22.1&#8243; _module_preset=&#8220;default&#8220; background_color=&#8220;RGBA(0,0,0,0)&#8220; width=&#8220;100%&#8220; max_width=&#8220;1800px&#8220; custom_padding_tablet=&#8220;&#8220; custom_padding_phone=&#8220;|10px||10px|false|false&#8220; hover_enabled=&#8220;0&#8243; global_colors_info=&#8220;{}&#8220; sticky_enabled=&#8220;0&#8243;][et_pb_column type=&#8220;1_3&#8243; _builder_version=&#8220;4.22.1&#8243; _module_preset=&#8220;default&#8220; background_color=&#8220;#16425b&#8220; custom_padding=&#8220;20px|20px|20px|20px|true|true&#8220; animation_style=&#8220;zoom&#8220; hover_enabled=&#8220;0&#8243; border_radii=&#8220;on|10px|10px|10px|10px&#8220; box_shadow_style=&#8220;preset1&#8243; box_shadow_color=&#8220;#000000&#8243; global_colors_info=&#8220;{}&#8220; sticky_enabled=&#8220;0&#8243;][et_pb_text _builder_version=&#8220;4.16&#8243; _module_preset=&#8220;default&#8220; header_font=&#8220;Merriweather||||||||&#8220; global_colors_info=&#8220;{}&#8220;]<\/p>\n<h1><span style=\"color: #ffffff;\">Immobilie<\/span><\/h1>\n<p>[\/et_pb_text][et_pb_text _builder_version=&#8220;4.16&#8243; _module_preset=&#8220;default&#8220; global_colors_info=&#8220;{}&#8220;]<\/p>\n<p><span style=\"color: #ffffff;\">Kapitalwachstum. Aktuelle Einkommensgenerierung. Das sollten Immobilieninvestments in finanzieller Hinsicht leisten. Es ist die Belohnung f\u00fcr das vern\u00fcnftig verwaltete Risiko, das ein Anleger eingeht. Immobilien sind ein echter Wert. Es ist greifbar. Sie wissen, wo es ist und was es ist. <\/span><\/p>\n<p><span style=\"color: #ffffff;\">Historische Renditen haben gezeigt, dass Immobilien im Laufe der Zeit an Wert gewinnen. Und die aktuelle Barrendite kann es einem Investor erm\u00f6glichen, seine Ziele zu erreichen und aktuellen Verpflichtungen nachzukommen. Immobilien sind ein integraler Bestandteil des Portfolios eines Anlegers. Es ist auch ein fester Bestandteil des Gesch\u00e4fts- und des Familienlebens. <\/span><\/p>\n<p><span style=\"color: #ffffff;\">Wir brauchen es. Wir verwenden es. Wir k\u00f6nnen von Investitionen in sie profitieren.<\/span><\/p>\n<p>[\/et_pb_text][\/et_pb_column][et_pb_column type=&#8220;1_3&#8243; _builder_version=&#8220;4.22.1&#8243; _module_preset=&#8220;default&#8220; background_color=&#8220;#16425b&#8220; custom_padding=&#8220;20px|20px|20px|20px|true|true&#8220; animation_style=&#8220;zoom&#8220; animation_delay=&#8220;500ms&#8220; hover_enabled=&#8220;0&#8243; border_radii=&#8220;on|10px|10px|10px|10px&#8220; box_shadow_style=&#8220;preset1&#8243; box_shadow_color=&#8220;#000000&#8243; global_colors_info=&#8220;{}&#8220; sticky_enabled=&#8220;0&#8243;][et_pb_text _builder_version=&#8220;4.16&#8243; _module_preset=&#8220;default&#8220; header_font=&#8220;Merriweather||||||||&#8220; global_colors_info=&#8220;{}&#8220;]<\/p>\n<h1><span style=\"color: #ffffff;\">Landwirtschaft<\/span><\/h1>\n<p>[\/et_pb_text][et_pb_text _builder_version=&#8220;4.16&#8243; _module_preset=&#8220;default&#8220; global_colors_info=&#8220;{}&#8220;]<\/p>\n<p><span style=\"color: #ffffff;\">Es ist einer der \u00e4ltesten Berufe der Menschheit. Landwirtschaft, Anbau von Nahrungsmitteln, um unseren Hunger zu stillen. Investitionen in die Landwirtschaft k\u00f6nnen zur L\u00f6sung wichtiger Probleme wie Klimawandel, gesellschaftliche Ungleichheit und gef\u00e4hrdete Biodiversit\u00e4t beitragen. Nachhaltige Landwirtschaftsfl\u00e4chen sind Kohlenstoffbinder. Die richtige Kohlenstoffbindung (Entfernung von Kohlendioxid aus der Atmosph\u00e4re und Speicherung als organische Substanz im Boden) tr\u00e4gt zur Eind\u00e4mmung des Klimawandels bei. Eine wachsende Weltbev\u00f6lkerung bedeutet, dass wir mehr Nahrungsmittel produzieren m\u00fcssen. Die Erhaltung der biologischen Vielfalt ist von entscheidender Bedeutung, und Landwirtschaft spielt eine wichtige Rolle.<\/span><\/p>\n<p><span style=\"color: #ffffff;\"> <\/span><span style=\"color: #ffffff;\">Warum also in Landwirtschaft investieren? Denn Anleger k\u00f6nnen \u00fcber den Anlagehorizont hinweg marktrisikobereinigte Renditen erzielen, Werte schaffen und Risiken steuern. Dies kann nicht nur auf einer nachhaltigen Umweltbasis, sondern auch auf einer nachhaltigen gesellschaftlichen Basis und mit guter Governance erreicht werden. Es deckt wirklich alle Konzepte von ESG (Environmental, Social, Governance) ab.<\/span><\/p>\n<ul><\/ul>\n<p>[\/et_pb_text][\/et_pb_column][et_pb_column type=&#8220;1_3&#8243; _builder_version=&#8220;4.22.1&#8243; _module_preset=&#8220;default&#8220; background_color=&#8220;#16425b&#8220; custom_padding=&#8220;20px|20px|20px|20px|true|true&#8220; animation_style=&#8220;zoom&#8220; animation_delay=&#8220;1000ms&#8220; hover_enabled=&#8220;0&#8243; border_radii=&#8220;on|10px|10px|10px|10px&#8220; box_shadow_style=&#8220;preset1&#8243; box_shadow_color=&#8220;#000000&#8243; global_colors_info=&#8220;{}&#8220; sticky_enabled=&#8220;0&#8243;][et_pb_text _builder_version=&#8220;4.16&#8243; _module_preset=&#8220;default&#8220; header_font=&#8220;Merriweather||||||||&#8220; global_colors_info=&#8220;{}&#8220;]<\/p>\n<h1><span style=\"color: #ffffff;\">Agrartechnik<\/span><\/h1>\n<p>[\/et_pb_text][et_pb_text _builder_version=&#8220;4.22.1&#8243; _module_preset=&#8220;default&#8220; hover_enabled=&#8220;0&#8243; global_colors_info=&#8220;{}&#8220; sticky_enabled=&#8220;0&#8243;]<span style=\"color: #ffffff;\">Die Welt ist auf Agritech angewiesen &#8211; intelligente L\u00f6sungen f\u00fcr die Landwirtschaft, die die Ern\u00e4hrungssicherheit verbessern und gleichzeitig die Kosten und die Umweltbelastung senken. Durch den Einsatz von Technologie, Bioprozessen und digitalen Werkzeugen erm\u00f6glicht uns Agritech, <strong>mehr Nahrungsmittel auf weniger Raum und mit weniger Ressourcen<\/strong> zu produzieren. <\/span><\/p>\n<p><span style=\"color: #ffffff;\">Beispiele f\u00fcr <strong>intelligente Landwirtschaft<\/strong> sind:<\/span><\/p>\n<ul>\n<li style=\"color: #ffffff;\"><span style=\"color: #ffffff;\">Insektenzucht zur Erzeugung nachhaltiger Proteine.<\/span><\/li>\n<li style=\"color: #ffffff;\"><span style=\"color: #ffffff;\">Cloud-basierte IT (GPS) f\u00fcr datengesteuerte landwirtschaftliche Entscheidungen.<\/span><\/li>\n<li style=\"color: #ffffff;\"><span style=\"color: #ffffff;\">Robotik f\u00fcr mehr Effizienz und weniger Abfall.<\/span><\/li>\n<li style=\"color: #ffffff;\"><span style=\"color: #ffffff;\">Nat\u00fcrliche L\u00f6sungen wie Bienen und Insekten zur D\u00fcngung von Nutzpflanzen, um die Abh\u00e4ngigkeit von sch\u00e4dlichen Substanzen zu verringern.<\/span><\/li>\n<\/ul>\n<p><span style=\"color: #ffffff;\">Agritech steigert die Ernteertr\u00e4ge, senkt die Kosten und reduziert den CO2-Fu\u00dfabdruck &#8211; eine intelligentere Landwirtschaft f\u00fcr die Menschen und den Planeten.<\/span>[\/et_pb_text][\/et_pb_column][\/et_pb_row][\/et_pb_section][et_pb_section fb_built=&#8220;1&#8243; prev_background_color=&#8220;#00385b&#8220; _builder_version=&#8220;4.22.1&#8243; _module_preset=&#8220;default&#8220; background_enable_image=&#8220;off&#8220; top_divider_style=&#8220;arrow3&#8243; top_divider_height=&#8220;125px&#8220; animation_style=&#8220;fade&#8220; da_disable_devices=&#8220;off|off|off&#8220; global_colors_info=&#8220;{}&#8220; da_is_popup=&#8220;off&#8220; da_exit_intent=&#8220;off&#8220; da_has_close=&#8220;on&#8220; da_alt_close=&#8220;off&#8220; da_dark_close=&#8220;off&#8220; da_not_modal=&#8220;on&#8220; da_is_singular=&#8220;off&#8220; da_with_loader=&#8220;off&#8220; da_has_shadow=&#8220;on&#8220;][et_pb_row _builder_version=&#8220;4.22.1&#8243; _module_preset=&#8220;default&#8220; custom_padding=&#8220;77px|||||&#8220; global_colors_info=&#8220;{}&#8220; theme_builder_area=&#8220;post_content&#8220;][et_pb_column type=&#8220;4_4&#8243; _builder_version=&#8220;4.22.1&#8243; _module_preset=&#8220;default&#8220; global_colors_info=&#8220;{}&#8220; theme_builder_area=&#8220;post_content&#8220;][et_pb_heading title=&#8220;Warum eine Partnerschaft mit uns?&#8220; _builder_version=&#8220;4.22.1&#8243; _module_preset=&#8220;default&#8220; title_text_align=&#8220;center&#8220; global_colors_info=&#8220;{}&#8220; theme_builder_area=&#8220;post_content&#8220;][\/et_pb_heading][et_pb_text _builder_version=&#8220;4.22.1&#8243; _module_preset=&#8220;default&#8220; global_colors_info=&#8220;{}&#8220; theme_builder_area=&#8220;post_content&#8220;]<\/p>\n<p>Wir verfolgen einen praktischen Ansatz bei der Geldanlage, um unseren Erfolg mit dem Ihren in Einklang zu bringen. Durch die Kombination von Fachwissen in den Bereichen Immobilien, Landwirtschaft und Agrartechnologie mit einem Engagement f\u00fcr nachhaltige Praktiken liefern wir intelligente, widerstandsf\u00e4hige Strategien, die dauerhafte Werte schaffen.<\/p>\n<p>Von der Maximierung der Rendite von Immobilien bis hin zur F\u00f6rderung von Innovationen in der Landwirtschaft &#8211; wir verbinden Kreativit\u00e4t und Praxisn\u00e4he, um wirkungsvolle Ergebnisse zu erzielen. Nachhaltigkeit steht im Mittelpunkt unseres Handelns &#8211; wir sorgen f\u00fcr positive Ergebnisse f\u00fcr Ihr Portfolio, die Gesellschaft und die Umwelt.<\/p>\n<p><strong>Lassen Sie uns gemeinsam kl\u00fcger werden.<\/strong><\/p>\n<p>[\/et_pb_text][et_pb_button button_url=&#8220;@ET-DC@eyJkeW5hbWljIjp0cnVlLCJjb250ZW50IjoicG9zdF9saW5rX3VybF9wYWdlIiwic2V0dGluZ3MiOnsicG9zdF9pZCI6IjE1MiJ9fQ==@&#8220; button_text=&#8220;Lassen Sie uns zusammenarbeiten&#8220; button_alignment=&#8220;center&#8220; _builder_version=&#8220;4.22.1&#8243; _dynamic_attributes=&#8220;button_url&#8220; _module_preset=&#8220;default&#8220; global_colors_info=&#8220;{}&#8220; theme_builder_area=&#8220;post_content&#8220;][\/et_pb_button][\/et_pb_column][\/et_pb_row][et_pb_row _builder_version=&#8220;4.16&#8243; _module_preset=&#8220;default&#8220; custom_padding=&#8220;49px|||||&#8220; global_colors_info=&#8220;{}&#8220;][et_pb_column type=&#8220;4_4&#8243; _builder_version=&#8220;4.16&#8243; _module_preset=&#8220;default&#8220; global_colors_info=&#8220;{}&#8220;][et_pb_text _builder_version=&#8220;4.16&#8243; _module_preset=&#8220;default&#8220; header_font=&#8220;Merriweather||||||||&#8220; custom_margin=&#8220;12px|||||&#8220; animation_style=&#8220;fade&#8220; global_colors_info=&#8220;{}&#8220;]<\/p>\n<h1 style=\"text-align: center;\">Interessante Fakten<\/h1>\n<p>[\/et_pb_text][et_pb_slider _builder_version=&#8220;4.16&#8243; _module_preset=&#8220;default&#8220; border_radii=&#8220;on|10px|10px|10px|10px&#8220; box_shadow_style=&#8220;preset2&#8243; global_colors_info=&#8220;{}&#8220;][et_pb_slide heading=&#8220;Fakt 1&#8243; button_text=&#8220;Click Here&#8220; _builder_version=&#8220;4.16&#8243; _module_preset=&#8220;default&#8220; header_font_size=&#8220;35px&#8220; body_font_size=&#8220;20px&#8220; background_color=&#8220;#00385b&#8220; background_enable_color=&#8220;on&#8220; global_colors_info=&#8220;{}&#8220; sticky_transition=&#8220;on&#8220;]<\/p>\n<p><em>Das Gesetz behandelt Immobilien als einzigartiges Gut. Jedes Anwesen unterscheidet sich von allen anderen, sogar von seinen Nachbarn in derselben Siedlung. Jedes St\u00fcck Land ist einzigartig, mit einzigartigen Merkmalen, insbesondere seiner Lage. Einzigartigkeit tr\u00e4gt zum Wert von Immobilien bei.<\/em><\/p>\n<p>[\/et_pb_slide][et_pb_slide heading=&#8220;Fakt 2&#8243; button_text=&#8220;Click Here&#8220; _builder_version=&#8220;4.16&#8243; _module_preset=&#8220;default&#8220; header_font_size=&#8220;35px&#8220; body_font_size=&#8220;20px&#8220; background_color=&#8220;#00385b&#8220; background_enable_color=&#8220;on&#8220; global_colors_info=&#8220;{}&#8220; sticky_transition=&#8220;on&#8220;]<\/p>\n<p><em>B\u00f6den enthalten etwa 75 % des an Land gespeicherten Kohlenstoffs, mehr als das Dreifache der Menge, die in Pflanzen und Tieren enthalten ist. Zwischenfr\u00fcchte verhindern Bodenerosion, verbessern die Verf\u00fcgbarkeit von Bodenwasser, verbessern die physikalische und biologische Widerstandsf\u00e4higkeit des Bodens, liefern N\u00e4hrstoffe, unterdr\u00fccken Unkr\u00e4uter und verhindern N\u00e4hrstoffverlust. Das steigert die Ertr\u00e4ge und senkt die Inputkosten.<\/em><\/p>\n<p>[\/et_pb_slide][et_pb_slide heading=&#8220;Fakt 3&#8243; button_text=&#8220;Click Here&#8220; _builder_version=&#8220;4.16&#8243; _module_preset=&#8220;default&#8220; header_font_size=&#8220;35px&#8220; body_font_size=&#8220;20px&#8220; background_color=&#8220;#00385b&#8220; background_enable_color=&#8220;on&#8220; global_colors_info=&#8220;{}&#8220; sticky_transition=&#8220;on&#8220;]<\/p>\n<p><em>Best\u00e4uber (z. B. Insekten) liefern zu jeder Jahreszeit ca. 24 Milliarden US-Dollar f\u00fcr die US-Wirtschaft. Zwischen 235 Mrd. USD und 577 Mrd. USD der j\u00e4hrlichen weltweiten Nahrungsmittelproduktion h\u00e4ngen von ihnen ab. (Quellen: Forbes.com, 14.10.2019). Im Vereinigten K\u00f6nigreich werden j\u00e4hrlich 651 Millionen GBP von Bienen zur Wirtschaft beigetragen. (Quelle: North Shropshire Imkerverband, 2021). Mit diesen Beitr\u00e4gen m\u00fcssen wir unsere Bienenpopulationen sch\u00fctzen und erhalten. Sie arbeiten f\u00fcr uns alle.<\/em><\/p>\n<p>[\/et_pb_slide][\/et_pb_slider][\/et_pb_column][\/et_pb_row][\/et_pb_section]<\/p>\n","protected":false},"excerpt":{"rendered":"<p>InvestmentUnsere Dienstleistungen InvestmentWir sind erfolgreich, wenn wir Ihnen zum Erfolg verhelfen. Mit einem praxisnahen, ergebnisorientierten Ansatz werden Ihre Ziele zu unseren Zielen. Jeder Auftrag ist eine Gelegenheit, messbare Erfolge zu erzielen. Nachhaltigkeit ist der Kern unserer Anlagephilosophie: Echte Verm\u00f6genswerte, die den Test der Zeit bestehen. Gesellschaftliche Auswirkungen, die einen positiven Wandel bewirken. Finanzen, die widerstandsf\u00e4hig [&hellip;]<\/p>\n","protected":false},"author":2,"featured_media":0,"parent":0,"menu_order":0,"comment_status":"closed","ping_status":"closed","template":"","meta":{"_et_pb_use_builder":"on","_et_pb_old_content":"","_et_gb_content_width":"","footnotes":""},"class_list":["post-998","page","type-page","status-publish","hentry"],"_links":{"self":[{"href":"https:\/\/bridgemer.com\/de\/wp-json\/wp\/v2\/pages\/998","targetHints":{"allow":["GET"]}}],"collection":[{"href":"https:\/\/bridgemer.com\/de\/wp-json\/wp\/v2\/pages"}],"about":[{"href":"https:\/\/bridgemer.com\/de\/wp-json\/wp\/v2\/types\/page"}],"author":[{"embeddable":true,"href":"https:\/\/bridgemer.com\/de\/wp-json\/wp\/v2\/users\/2"}],"replies":[{"embeddable":true,"href":"https:\/\/bridgemer.com\/de\/wp-json\/wp\/v2\/comments?post=998"}],"version-history":[{"count":3,"href":"https:\/\/bridgemer.com\/de\/wp-json\/wp\/v2\/pages\/998\/revisions"}],"predecessor-version":[{"id":2057,"href":"https:\/\/bridgemer.com\/de\/wp-json\/wp\/v2\/pages\/998\/revisions\/2057"}],"wp:attachment":[{"href":"https:\/\/bridgemer.com\/de\/wp-json\/wp\/v2\/media?parent=998"}],"curies":[{"name":"wp","href":"https:\/\/api.w.org\/{rel}","templated":true}]}}