{"id":984,"date":"2021-11-11T10:38:14","date_gmt":"2021-11-11T10:38:14","guid":{"rendered":"https:\/\/bridgemer-wp.shindico.com\/global\/"},"modified":"2024-12-19T14:42:29","modified_gmt":"2024-12-19T14:42:29","slug":"global","status":"publish","type":"page","link":"https:\/\/bridgemer.com\/de\/global\/","title":{"rendered":"Global"},"content":{"rendered":"<p>[et_pb_section fb_built=&#8220;1&#8243; admin_label=&#8220;Header&#8220; _builder_version=&#8220;4.22.1&#8243; background_enable_color=&#8220;off&#8220; background_image=&#8220;https:\/\/bridgemer.com\/wp-content\/uploads\/2021\/10\/global_big.webp&#8220; parallax=&#8220;on&#8220; height=&#8220;750px&#8220; height_tablet=&#8220;400px&#8220; height_phone=&#8220;300px&#8220; height_last_edited=&#8220;on|desktop&#8220; custom_padding=&#8220;8vw||||false|false&#8220; da_disable_devices=&#8220;off|off|off&#8220; global_colors_info=&#8220;{}&#8220; da_is_popup=&#8220;off&#8220; da_exit_intent=&#8220;off&#8220; da_has_close=&#8220;on&#8220; da_alt_close=&#8220;off&#8220; da_dark_close=&#8220;off&#8220; da_not_modal=&#8220;on&#8220; da_is_singular=&#8220;off&#8220; da_with_loader=&#8220;off&#8220; da_has_shadow=&#8220;on&#8220;][et_pb_row column_structure=&#8220;1_2,1_2&#8243; _builder_version=&#8220;4.16&#8243; max_width=&#8220;1500px&#8220; global_colors_info=&#8220;{}&#8220;][et_pb_column type=&#8220;1_2&#8243; _builder_version=&#8220;4.16&#8243; background_color=&#8220;#00385b&#8220; custom_padding=&#8220;|||&#8220; animation_style=&#8220;flip&#8220; border_radii=&#8220;on|10px|10px|10px|10px&#8220; box_shadow_style=&#8220;preset1&#8243; global_colors_info=&#8220;{}&#8220; custom_padding__hover=&#8220;|||&#8220;][et_pb_text _builder_version=&#8220;4.16&#8243; text_font=&#8220;||||||||&#8220; header_font=&#8220;Merriweather|700|||||||&#8220; header_font_size=&#8220;80px&#8220; header_line_height=&#8220;1.3em&#8220; use_background_color_gradient=&#8220;on&#8220; background_color_gradient_direction=&#8220;150deg&#8220; background_color_gradient_stops=&#8220;rgba(0,174,255,0.16) 0%|rgba(29,72,192,0) 100%&#8220; background_color_gradient_start=&#8220;rgba(0,174,255,0.16)&#8220; background_color_gradient_end=&#8220;rgba(29,72,192,0)&#8220; text_orientation=&#8220;right&#8220; background_layout=&#8220;dark&#8220; custom_padding=&#8220;70px|70px|70px|70px|true|true&#8220; custom_padding_tablet=&#8220;40px|40px|40px|40px|true|true&#8220; custom_padding_phone=&#8220;20px|20px|20px|20px|true|true&#8220; custom_padding_last_edited=&#8220;on|phone&#8220; header_font_size_tablet=&#8220;50px&#8220; header_font_size_phone=&#8220;30px&#8220; header_font_size_last_edited=&#8220;on|phone&#8220; box_shadow_style=&#8220;preset1&#8243; box_shadow_vertical=&#8220;40px&#8220; box_shadow_blur=&#8220;200px&#8220; box_shadow_spread=&#8220;-10px&#8220; global_colors_info=&#8220;{}&#8220;]<\/p>\n<h1>Globales Netzwerk<\/h1>\n<p>[\/et_pb_text][\/et_pb_column][et_pb_column type=&#8220;1_2&#8243; _builder_version=&#8220;4.16&#8243; custom_padding=&#8220;10vw|||&#8220; custom_padding_tablet=&#8220;20px|||&#8220; custom_padding_phone=&#8220;&#8220; custom_padding_last_edited=&#8220;on|desktop&#8220; global_colors_info=&#8220;{}&#8220; padding_tablet=&#8220;20px|||&#8220; padding_last_edited=&#8220;on|desktop&#8220; custom_padding__hover=&#8220;|||&#8220; padding_phone=&#8220;20px|||&#8220;][\/et_pb_column][\/et_pb_row][\/et_pb_section][et_pb_section fb_built=&#8220;1&#8243; next_background_color=&#8220;#00385b&#8220; _builder_version=&#8220;4.22.1&#8243; _module_preset=&#8220;default&#8220; background_enable_image=&#8220;off&#8220; custom_padding=&#8220;||80px|||&#8220; bottom_divider_style=&#8220;ramp2&#8243; bottom_divider_height=&#8220;67px&#8220; da_disable_devices=&#8220;off|off|off&#8220; global_colors_info=&#8220;{}&#8220; da_is_popup=&#8220;off&#8220; da_exit_intent=&#8220;off&#8220; da_has_close=&#8220;on&#8220; da_alt_close=&#8220;off&#8220; da_dark_close=&#8220;off&#8220; da_not_modal=&#8220;on&#8220; da_is_singular=&#8220;off&#8220; da_with_loader=&#8220;off&#8220; da_has_shadow=&#8220;on&#8220;][et_pb_row column_structure=&#8220;3_4,1_4&#8243; _builder_version=&#8220;4.22.1&#8243; _module_preset=&#8220;default&#8220; global_colors_info=&#8220;{}&#8220;][et_pb_column type=&#8220;3_4&#8243; _builder_version=&#8220;4.22.1&#8243; _module_preset=&#8220;default&#8220; global_colors_info=&#8220;{}&#8220;][et_pb_heading title=&#8220;CORFAC International&#8220; _builder_version=&#8220;4.22.1&#8243; _module_preset=&#8220;default&#8220; custom_margin=&#8220;||12px|||&#8220; global_colors_info=&#8220;{}&#8220;][\/et_pb_heading][et_pb_text _builder_version=&#8220;4.22.1&#8243; _module_preset=&#8220;default&#8220; global_colors_info=&#8220;{}&#8220;]<\/p>\n<p>Bridgemer ist Mitglied von CORFAC International, einem Netzwerk, das sich aus kooperativen, unternehmerisch denkenden Firmen zusammensetzt, die ihren Kunden einen un\u00fcbertroffenen Service und eine erstklassige Marktexpertise bieten.<\/p>\n<p><span>CORFAC International besteht aus privat gef\u00fchrten Unternehmen, die sich auf die Vermittlung von B\u00fcro-, Industrie- und Einzelhandelsimmobilien, die Vertretung von Mietern und Vermietern, Investmentverk\u00e4ufe, Mehrfamilienh\u00e4user, Selfstorage, Akquisitionen und Ver\u00e4u\u00dferungen, Immobilienmanagement und Unternehmensdienstleistungen spezialisiert haben.  <\/span><\/p>\n<p><span>CORFAC wurde 1989 gegr\u00fcndet und hat Niederlassungen in den gesamten USA sowie in Kanada und auf M\u00e4rkten wie Belgien, Chile, Costa Rica, der Dominikanischen Republik, Deutschland, England, Irland, Italien, Japan, Kasachstan, Mexiko, den Niederlanden, den Philippinen, Polen, Rum\u00e4nien, Russland, Schottland, S\u00fcdkorea, der Schweiz und den Vereinigten Arabischen Emiraten.  <\/span><\/p>\n<p><span>Die CORFAC-B\u00fcros schlie\u00dfen j\u00e4hrlich mehr als 10.000 Miet- und Verkaufstransaktionen mit einer Gesamtfl\u00e4che von 750 Millionen Quadratfu\u00df im Wert von \u00fcber 10,0 Milliarden USD ab.<\/span><\/p>\n<p>[\/et_pb_text][\/et_pb_column][et_pb_column type=&#8220;1_4&#8243; _builder_version=&#8220;4.22.1&#8243; _module_preset=&#8220;default&#8220; global_colors_info=&#8220;{}&#8220;][et_pb_image src=&#8220;https:\/\/bridgemer.com\/wp-content\/uploads\/2023\/08\/corfac.png&#8220; alt=&#8220;CORFAC International&#8220; title_text=&#8220;corfac&#8220; _builder_version=&#8220;4.22.1&#8243; _module_preset=&#8220;default&#8220; global_colors_info=&#8220;{}&#8220;][\/et_pb_image][\/et_pb_column][\/et_pb_row][\/et_pb_section][et_pb_section fb_built=&#8220;1&#8243; _builder_version=&#8220;4.22.1&#8243; _module_preset=&#8220;default&#8220; background_color=&#8220;#00385b&#8220; background_enable_image=&#8220;off&#8220; da_disable_devices=&#8220;off|off|off&#8220; global_colors_info=&#8220;{}&#8220; da_is_popup=&#8220;off&#8220; da_exit_intent=&#8220;off&#8220; da_has_close=&#8220;on&#8220; da_alt_close=&#8220;off&#8220; da_dark_close=&#8220;off&#8220; da_not_modal=&#8220;on&#8220; da_is_singular=&#8220;off&#8220; da_with_loader=&#8220;off&#8220; da_has_shadow=&#8220;on&#8220;][et_pb_row _builder_version=&#8220;4.16&#8243; _module_preset=&#8220;default&#8220; global_colors_info=&#8220;{}&#8220;][et_pb_column type=&#8220;4_4&#8243; _builder_version=&#8220;4.16&#8243; _module_preset=&#8220;default&#8220; global_colors_info=&#8220;{}&#8220;][et_pb_text _builder_version=&#8220;4.16&#8243; _module_preset=&#8220;default&#8220; header_font=&#8220;Merriweather||||||||&#8220; header_text_color=&#8220;#FFFFFF&#8220; animation_style=&#8220;fade&#8220; global_colors_info=&#8220;{}&#8220;]<\/p>\n<h1 style=\"text-align: center;\">CORFAC-Vorteile<\/h1>\n<p>[\/et_pb_text][\/et_pb_column][\/et_pb_row][et_pb_row column_structure=&#8220;1_3,1_3,1_3&#8243; _builder_version=&#8220;4.22.1&#8243; _module_preset=&#8220;default&#8220; global_colors_info=&#8220;{}&#8220;][et_pb_column type=&#8220;1_3&#8243; _builder_version=&#8220;4.22.1&#8243; _module_preset=&#8220;default&#8220; background_color=&#8220;#16425b&#8220; animation_style=&#8220;zoom&#8220; border_radii=&#8220;on|10px|10px|10px|10px&#8220; box_shadow_style=&#8220;preset2&#8243; global_colors_info=&#8220;{}&#8220;][et_pb_blurb title=&#8220;Unabh\u00e4ngig&#8220; image=&#8220;https:\/\/bridgemer.com\/wp-content\/uploads\/2021\/10\/independence.png&#8220; _builder_version=&#8220;4.22.1&#8243; _module_preset=&#8220;default&#8220; header_font=&#8220;Merriweather||||||||solid&#8220; border_radii=&#8220;on|10px|10px|10px|10px&#8220; global_colors_info=&#8220;{}&#8220; image__hover_enabled=&#8220;off|hover&#8220; box_shadow_color__hover=&#8220;rgba(0,0,0,0.3)&#8220;]<\/p>\n<p style=\"text-align: center;\"><span style=\"font-size: 15px;\">Alle CORFAC-Partner sind unabh\u00e4ngig mit eigenem Namen und lokaler Identit\u00e4t.<\/span><\/p>\n<p style=\"text-align: center;\"><span>CORFAC w\u00e4chst und gedeiht nach mehr als 35 Jahren in der gewerblichen Immobilienbranche weiter, und die durchschnittliche Betriebszugeh\u00f6rigkeit der Mitgliedsfirmen liegt bei \u00fcber 14 Jahren.<\/span><\/p>\n<p>[\/et_pb_blurb][\/et_pb_column][et_pb_column type=&#8220;1_3&#8243; _builder_version=&#8220;4.22.1&#8243; _module_preset=&#8220;default&#8220; background_color=&#8220;#16425b&#8220; animation_style=&#8220;zoom&#8220; animation_delay=&#8220;500ms&#8220; border_radii=&#8220;on|10px|10px|10px|10px&#8220; box_shadow_style=&#8220;preset2&#8243; global_colors_info=&#8220;{}&#8220;][et_pb_blurb title=&#8220;Netzwerk&#8220; image=&#8220;https:\/\/bridgemer.com\/wp-content\/uploads\/2021\/10\/connection.png&#8220; _builder_version=&#8220;4.22.1&#8243; _module_preset=&#8220;default&#8220; header_font=&#8220;Merriweather||||||||solid&#8220; border_radii=&#8220;on|10px|10px|10px|10px&#8220; global_colors_info=&#8220;{}&#8220; box_shadow_color__hover=&#8220;rgba(0,0,0,0.3)&#8220;]<\/p>\n<p style=\"text-align: center;\"><span style=\"font-size: 15px;\">Die Vision von CORFAC lautet: &#8218;Das bevorzugte globale Netzwerk unabh\u00e4ngiger Gewerbe-immobilienfirmen zu sein.<\/span><span><\/span><\/p>\n<p style=\"text-align: center;\"><span>Unsere Mitglieder arbeiten zusammen, um den h\u00f6chsten Standard an Kundenservice zu schaffen und gleichzeitig hervorragende Kundenergebnisse zu erzielen und Beziehungen aufzubauen.<\/span><\/p>\n<p>[\/et_pb_blurb][\/et_pb_column][et_pb_column type=&#8220;1_3&#8243; _builder_version=&#8220;4.22.1&#8243; _module_preset=&#8220;default&#8220; background_color=&#8220;#16425b&#8220; animation_style=&#8220;zoom&#8220; animation_delay=&#8220;1000ms&#8220; border_radii=&#8220;on|10px|10px|10px|10px&#8220; box_shadow_style=&#8220;preset2&#8243; global_colors_info=&#8220;{}&#8220;][et_pb_blurb title=&#8220;Zugang&#8220; image=&#8220;https:\/\/bridgemer.com\/wp-content\/uploads\/2021\/10\/lock.png&#8220; _builder_version=&#8220;4.22.1&#8243; _module_preset=&#8220;default&#8220; header_font=&#8220;Merriweather||||||||solid&#8220; border_radii=&#8220;on|10px|10px|10px|10px&#8220; global_colors_info=&#8220;{}&#8220; box_shadow_color__hover=&#8220;rgba(0,0,0,0.3)&#8220;]<\/p>\n<p style=\"text-align: center;\">Leitende Direktoren beteiligen sich an den zahlreichen Transaktionen, die zwischen CORFAC-Partnern vermittelt werden, und \u00fcberwachen diese.<br \/><span><\/span><\/p>\n<p style=\"text-align: center;\"><span>CORFAC-Empfehlungen arbeiten bei jedem Auftrag mit einem einzigen Ansprechpartner, um sicherzustellen, dass Kunden von Anfang bis Ende einen konsistenten, erstklassigen Service erhalten.<\/span><\/p>\n<p>[\/et_pb_blurb][\/et_pb_column][\/et_pb_row][\/et_pb_section][et_pb_section fb_built=&#8220;1&#8243; prev_background_color=&#8220;#00385b&#8220; _builder_version=&#8220;4.22.1&#8243; _module_preset=&#8220;default&#8220; background_enable_image=&#8220;off&#8220; custom_padding=&#8220;||34px|||&#8220; top_divider_style=&#8220;arrow3&#8243; animation_style=&#8220;fade&#8220; da_disable_devices=&#8220;off|off|off&#8220; global_colors_info=&#8220;{}&#8220; da_is_popup=&#8220;off&#8220; da_exit_intent=&#8220;off&#8220; da_has_close=&#8220;on&#8220; da_alt_close=&#8220;off&#8220; da_dark_close=&#8220;off&#8220; da_not_modal=&#8220;on&#8220; da_is_singular=&#8220;off&#8220; da_with_loader=&#8220;off&#8220; da_has_shadow=&#8220;on&#8220;][et_pb_row _builder_version=&#8220;4.16&#8243; _module_preset=&#8220;default&#8220; animation_style=&#8220;fade&#8220; global_colors_info=&#8220;{}&#8220;][et_pb_column type=&#8220;4_4&#8243; _builder_version=&#8220;4.16&#8243; _module_preset=&#8220;default&#8220; global_colors_info=&#8220;{}&#8220;][et_pb_text _builder_version=&#8220;4.16&#8243; _module_preset=&#8220;default&#8220; header_font=&#8220;Merriweather||||||||&#8220; custom_margin=&#8220;||-54px|||&#8220; global_colors_info=&#8220;{}&#8220;]<\/p>\n<h1 style=\"text-align: center;\">Netzwerk<\/h1>\n<p>[\/et_pb_text][\/et_pb_column][\/et_pb_row][\/et_pb_section][et_pb_section fb_built=&#8220;1&#8243; fullwidth=&#8220;on&#8220; _builder_version=&#8220;4.16&#8243; _module_preset=&#8220;default&#8220; animation_style=&#8220;fade&#8220; da_disable_devices=&#8220;off|off|off&#8220; global_colors_info=&#8220;{}&#8220; da_is_popup=&#8220;off&#8220; da_exit_intent=&#8220;off&#8220; da_has_close=&#8220;on&#8220; da_alt_close=&#8220;off&#8220; da_dark_close=&#8220;off&#8220; da_not_modal=&#8220;on&#8220; da_is_singular=&#8220;off&#8220; da_with_loader=&#8220;off&#8220; da_has_shadow=&#8220;on&#8220;][et_pb_fullwidth_code _builder_version=&#8220;4.16&#8243; _module_preset=&#8220;default&#8220; global_colors_info=&#8220;{}&#8220;]<iframe loading=\"lazy\" width=\"100%\" height=\"500\" src=\"https:\/\/www.corfac.com\/main\/officesmapshare\" frameborder=\"0\" allow=\"accelerometer; autoplay; encrypted-media; gyroscope; picture-in-picture\" allowfullscreen=\"\"><\/iframe>[\/et_pb_fullwidth_code][\/et_pb_section][et_pb_section fb_built=&#8220;1&#8243; _builder_version=&#8220;4.22.1&#8243; _module_preset=&#8220;default&#8220; background_enable_image=&#8220;off&#8220; custom_padding=&#8220;0px|||||&#8220; animation_style=&#8220;fade&#8220; da_disable_devices=&#8220;off|off|off&#8220; global_colors_info=&#8220;{}&#8220; da_is_popup=&#8220;off&#8220; da_exit_intent=&#8220;off&#8220; da_has_close=&#8220;on&#8220; da_alt_close=&#8220;off&#8220; da_dark_close=&#8220;off&#8220; da_not_modal=&#8220;on&#8220; da_is_singular=&#8220;off&#8220; da_with_loader=&#8220;off&#8220; da_has_shadow=&#8220;on&#8220;][et_pb_row _builder_version=&#8220;4.16&#8243; _module_preset=&#8220;default&#8220; animation_style=&#8220;fade&#8220; global_colors_info=&#8220;{}&#8220;][et_pb_column type=&#8220;4_4&#8243; _builder_version=&#8220;4.16&#8243; _module_preset=&#8220;default&#8220; global_colors_info=&#8220;{}&#8220;][et_pb_button button_url=&#8220;https:\/\/www.corfac.com\/&#8220; button_text=&#8220;F\u00fcr weitere Informationen besuchen Sie corfac.com&#8220; button_alignment=&#8220;center&#8220; _builder_version=&#8220;4.16&#8243; _module_preset=&#8220;default&#8220; custom_button=&#8220;on&#8220; button_text_color=&#8220;#00385b&#8220; button_border_color=&#8220;#00385b&#8220; box_shadow_style=&#8220;preset1&#8243; global_colors_info=&#8220;{}&#8220;][\/et_pb_button][\/et_pb_column][\/et_pb_row][\/et_pb_section][et_pb_section fb_built=&#8220;1&#8243; _builder_version=&#8220;4.22.1&#8243; _module_preset=&#8220;default&#8220; background_color=&#8220;#00385b&#8220; background_enable_image=&#8220;off&#8220; animation_style=&#8220;fade&#8220; da_disable_devices=&#8220;off|off|off&#8220; global_colors_info=&#8220;{}&#8220; da_is_popup=&#8220;off&#8220; da_exit_intent=&#8220;off&#8220; da_has_close=&#8220;on&#8220; da_alt_close=&#8220;off&#8220; da_dark_close=&#8220;off&#8220; da_not_modal=&#8220;on&#8220; da_is_singular=&#8220;off&#8220; da_with_loader=&#8220;off&#8220; da_has_shadow=&#8220;on&#8220;][et_pb_row _builder_version=&#8220;4.16&#8243; _module_preset=&#8220;default&#8220; animation_style=&#8220;fade&#8220; global_colors_info=&#8220;{}&#8220;][et_pb_column type=&#8220;4_4&#8243; _builder_version=&#8220;4.16&#8243; _module_preset=&#8220;default&#8220; global_colors_info=&#8220;{}&#8220;][et_pb_text _builder_version=&#8220;4.16&#8243; _module_preset=&#8220;default&#8220; header_font=&#8220;Merriweather||||||||&#8220; header_text_color=&#8220;#FFFFFF&#8220; global_colors_info=&#8220;{}&#8220;]<\/p>\n<h1 style=\"text-align: center;\">Medien<\/h1>\n<p>[\/et_pb_text][\/et_pb_column][\/et_pb_row][et_pb_row _builder_version=&#8220;4.16&#8243; _module_preset=&#8220;default&#8220; animation_style=&#8220;fade&#8220; global_colors_info=&#8220;{}&#8220;][et_pb_column type=&#8220;4_4&#8243; _builder_version=&#8220;4.16&#8243; _module_preset=&#8220;default&#8220; global_colors_info=&#8220;{}&#8220;][et_pb_video_slider _builder_version=&#8220;4.16&#8243; _module_preset=&#8220;default&#8220; border_radii=&#8220;on|10px|10px|10px|10px&#8220; global_colors_info=&#8220;{}&#8220;][et_pb_video_slider_item src=&#8220;https:\/\/www.youtube.com\/watch?v=V5xElHHswz0&#8243; _builder_version=&#8220;4.11.1&#8243; _module_preset=&#8220;default&#8220; global_colors_info=&#8220;{}&#8220; show_image_overlay=&#8220;off&#8220;][\/et_pb_video_slider_item][et_pb_video_slider_item src=&#8220;https:\/\/www.youtube.com\/watch?v=mYmSy1E3mZY&#8220; _builder_version=&#8220;4.11.1&#8243; _module_preset=&#8220;default&#8220; global_colors_info=&#8220;{}&#8220; show_image_overlay=&#8220;off&#8220;][\/et_pb_video_slider_item][\/et_pb_video_slider][\/et_pb_column][\/et_pb_row][\/et_pb_section]<\/p>\n","protected":false},"excerpt":{"rendered":"<p>Globales NetzwerkBridgemer ist Mitglied von CORFAC International, einem Netzwerk, das sich aus kooperativen, unternehmerisch denkenden Firmen zusammensetzt, die ihren Kunden einen un\u00fcbertroffenen Service und eine erstklassige Marktexpertise bieten. CORFAC International besteht aus privat gef\u00fchrten Unternehmen, die sich auf die Vermittlung von B\u00fcro-, Industrie- und Einzelhandelsimmobilien, die Vertretung von Mietern und Vermietern, Investmentverk\u00e4ufe, Mehrfamilienh\u00e4user, Selfstorage, Akquisitionen [&hellip;]<\/p>\n","protected":false},"author":2,"featured_media":0,"parent":0,"menu_order":0,"comment_status":"closed","ping_status":"closed","template":"","meta":{"_et_pb_use_builder":"on","_et_pb_old_content":"","_et_gb_content_width":"","footnotes":""},"class_list":["post-984","page","type-page","status-publish","hentry"],"_links":{"self":[{"href":"https:\/\/bridgemer.com\/de\/wp-json\/wp\/v2\/pages\/984","targetHints":{"allow":["GET"]}}],"collection":[{"href":"https:\/\/bridgemer.com\/de\/wp-json\/wp\/v2\/pages"}],"about":[{"href":"https:\/\/bridgemer.com\/de\/wp-json\/wp\/v2\/types\/page"}],"author":[{"embeddable":true,"href":"https:\/\/bridgemer.com\/de\/wp-json\/wp\/v2\/users\/2"}],"replies":[{"embeddable":true,"href":"https:\/\/bridgemer.com\/de\/wp-json\/wp\/v2\/comments?post=984"}],"version-history":[{"count":7,"href":"https:\/\/bridgemer.com\/de\/wp-json\/wp\/v2\/pages\/984\/revisions"}],"predecessor-version":[{"id":2069,"href":"https:\/\/bridgemer.com\/de\/wp-json\/wp\/v2\/pages\/984\/revisions\/2069"}],"wp:attachment":[{"href":"https:\/\/bridgemer.com\/de\/wp-json\/wp\/v2\/media?parent=984"}],"curies":[{"name":"wp","href":"https:\/\/api.w.org\/{rel}","templated":true}]}}