{"id":975,"date":"2021-11-11T10:38:11","date_gmt":"2021-11-11T10:38:11","guid":{"rendered":"https:\/\/bridgemer-wp.shindico.com\/globale-occupier-services\/"},"modified":"2024-12-19T14:08:17","modified_gmt":"2024-12-19T14:08:17","slug":"globale-occupier-services","status":"publish","type":"page","link":"https:\/\/bridgemer.com\/de\/globale-occupier-services\/","title":{"rendered":"Global Occupier Services"},"content":{"rendered":"<p>[et_pb_section fb_built=&#8220;1&#8243; admin_label=&#8220;Header&#8220; _builder_version=&#8220;4.16&#8243; background_enable_color=&#8220;off&#8220; background_color_gradient_direction=&#8220;194deg&#8220; background_image=&#8220;https:\/\/bridgemer.com\/wp-content\/uploads\/2021\/10\/service_big_final.webp&#8220; parallax=&#8220;on&#8220; height=&#8220;750px&#8220; height_tablet=&#8220;400px&#8220; height_phone=&#8220;300px&#8220; height_last_edited=&#8220;on|desktop&#8220; custom_padding=&#8220;8vw||||false|false&#8220; da_disable_devices=&#8220;off|off|off&#8220; global_colors_info=&#8220;{}&#8220; da_is_popup=&#8220;off&#8220; da_exit_intent=&#8220;off&#8220; da_has_close=&#8220;on&#8220; da_alt_close=&#8220;off&#8220; da_dark_close=&#8220;off&#8220; da_not_modal=&#8220;on&#8220; da_is_singular=&#8220;off&#8220; da_with_loader=&#8220;off&#8220; da_has_shadow=&#8220;on&#8220;][et_pb_row column_structure=&#8220;1_2,1_2&#8243; _builder_version=&#8220;4.16&#8243; max_width=&#8220;1500px&#8220; global_colors_info=&#8220;{}&#8220;][et_pb_column type=&#8220;1_2&#8243; _builder_version=&#8220;4.16&#8243; background_color=&#8220;#00385b&#8220; custom_padding=&#8220;|||&#8220; animation_style=&#8220;flip&#8220; border_radii=&#8220;on|10px|10px|10px|10px&#8220; box_shadow_style=&#8220;preset1&#8243; global_colors_info=&#8220;{}&#8220; custom_padding__hover=&#8220;|||&#8220;][et_pb_text _builder_version=&#8220;4.16&#8243; text_font=&#8220;||||||||&#8220; header_font=&#8220;Merriweather|700|||||||&#8220; header_font_size=&#8220;80px&#8220; header_line_height=&#8220;1.3em&#8220; use_background_color_gradient=&#8220;on&#8220; background_color_gradient_direction=&#8220;150deg&#8220; background_color_gradient_stops=&#8220;rgba(0,174,255,0.16) 0%|rgba(29,72,192,0) 100%&#8220; background_color_gradient_start=&#8220;rgba(0,174,255,0.16)&#8220; background_color_gradient_end=&#8220;rgba(29,72,192,0)&#8220; text_orientation=&#8220;right&#8220; background_layout=&#8220;dark&#8220; height_tablet=&#8220;&#8220; height_phone=&#8220;&#8220; height_last_edited=&#8220;on|phone&#8220; custom_padding=&#8220;70px|70px|70px|70px|true|true&#8220; custom_padding_tablet=&#8220;40px|40px|40px|40px|true|true&#8220; custom_padding_phone=&#8220;20px|20px|20px|20px|true|true&#8220; custom_padding_last_edited=&#8220;on|phone&#8220; header_font_size_tablet=&#8220;50px&#8220; header_font_size_phone=&#8220;30px&#8220; header_font_size_last_edited=&#8220;on|phone&#8220; box_shadow_style=&#8220;preset1&#8243; box_shadow_vertical=&#8220;40px&#8220; box_shadow_blur=&#8220;200px&#8220; box_shadow_spread=&#8220;-10px&#8220; global_colors_info=&#8220;{}&#8220;]<\/p>\n<h1>Global Occupier Services<\/h1>\n<p>[\/et_pb_text][\/et_pb_column][et_pb_column type=&#8220;1_2&#8243; _builder_version=&#8220;4.16&#8243; custom_padding=&#8220;10vw|||&#8220; custom_padding_tablet=&#8220;20px|||&#8220; custom_padding_phone=&#8220;&#8220; custom_padding_last_edited=&#8220;on|desktop&#8220; global_colors_info=&#8220;{}&#8220; padding_tablet=&#8220;20px|||&#8220; padding_last_edited=&#8220;on|desktop&#8220; custom_padding__hover=&#8220;|||&#8220; padding_phone=&#8220;20px|||&#8220;][et_pb_divider show_divider=&#8220;off&#8220; _builder_version=&#8220;4.16&#8243; _module_preset=&#8220;default&#8220; global_colors_info=&#8220;{}&#8220;][\/et_pb_divider][\/et_pb_column][\/et_pb_row][\/et_pb_section][et_pb_section fb_built=&#8220;1&#8243; next_background_color=&#8220;#00385b&#8220; bg_img_2=&#8220;https:\/\/bridgemer-wp.shindico.com\/wp-content\/uploads\/2021\/09\/business-05.jpg&#8220; admin_label=&#8220;About&#8220; _builder_version=&#8220;4.22.1&#8243; background_enable_image=&#8220;off&#8220; background_size=&#8220;initial&#8220; background_position=&#8220;top_center&#8220; custom_padding=&#8220;||96px|||&#8220; bottom_divider_style=&#8220;triangle&#8220; da_disable_devices=&#8220;off|off|off&#8220; global_colors_info=&#8220;{}&#8220; da_is_popup=&#8220;off&#8220; da_exit_intent=&#8220;off&#8220; da_has_close=&#8220;on&#8220; da_alt_close=&#8220;off&#8220; da_dark_close=&#8220;off&#8220; da_not_modal=&#8220;on&#8220; da_is_singular=&#8220;off&#8220; da_with_loader=&#8220;off&#8220; da_has_shadow=&#8220;on&#8220;][et_pb_row _builder_version=&#8220;4.16&#8243; locked=&#8220;off&#8220; global_colors_info=&#8220;{}&#8220; parallax_1__hover=&#8220;off&#8220; parallax_1__hover_enabled=&#8220;off&#8220; parallax_2__hover=&#8220;off&#8220; parallax_2__hover_enabled=&#8220;off&#8220; parallax_3__hover=&#8220;off&#8220; parallax_3__hover_enabled=&#8220;off&#8220; parallax_4__hover=&#8220;off&#8220; parallax_4__hover_enabled=&#8220;off&#8220; parallax_method_1__hover=&#8220;on&#8220; parallax_method_1__hover_enabled=&#8220;on&#8220; parallax_method_2__hover=&#8220;on&#8220; parallax_method_2__hover_enabled=&#8220;on&#8220; parallax_method_3__hover=&#8220;on&#8220; parallax_method_3__hover_enabled=&#8220;on&#8220; parallax_method_4__hover=&#8220;on&#8220; parallax_method_4__hover_enabled=&#8220;on&#8220;][et_pb_column type=&#8220;4_4&#8243; _builder_version=&#8220;4.16&#8243; custom_padding=&#8220;|||&#8220; global_colors_info=&#8220;{}&#8220; custom_padding__hover=&#8220;|||&#8220;][et_pb_text _builder_version=&#8220;4.16&#8243; text_font=&#8220;||||||||&#8220; header_font=&#8220;Merriweather||||||||&#8220; header_2_font=&#8220;Merriweather||||||||&#8220; header_2_font_size=&#8220;40px&#8220; header_2_line_height=&#8220;1.4em&#8220; header_4_font=&#8220;Merriweather|700||on|||||&#8220; header_4_text_color=&#8220;#1d48c0&#8243; header_4_font_size=&#8220;16px&#8220; header_4_letter_spacing=&#8220;2px&#8220; header_4_line_height=&#8220;1.6em&#8220; text_orientation=&#8220;center&#8220; max_width=&#8220;600px&#8220; module_alignment=&#8220;center&#8220; hover_enabled=&#8220;0&#8243; header_2_font_size_tablet=&#8220;30px&#8220; header_2_font_size_phone=&#8220;22px&#8220; header_2_font_size_last_edited=&#8220;on|phone&#8220; header_4_font_size_tablet=&#8220;&#8220; header_4_font_size_phone=&#8220;14px&#8220; header_4_font_size_last_edited=&#8220;on|phone&#8220; locked=&#8220;off&#8220; global_colors_info=&#8220;{}&#8220; sticky_enabled=&#8220;0&#8243;]<\/p>\n<h4>Unsere Dienstleistungen<\/h4>\n<h2>Global Occupier Services<\/h2>\n<p>[\/et_pb_text][\/et_pb_column][\/et_pb_row][et_pb_row _builder_version=&#8220;4.22.1&#8243; _module_preset=&#8220;default&#8220; global_colors_info=&#8220;{}&#8220;][et_pb_column type=&#8220;4_4&#8243; _builder_version=&#8220;4.22.1&#8243; _module_preset=&#8220;default&#8220; global_colors_info=&#8220;{}&#8220;][et_pb_text _builder_version=&#8220;4.22.1&#8243; _module_preset=&#8220;default&#8220; global_colors_info=&#8220;{}&#8220;]<\/p>\n<p>Wir helfen Unternehmen dabei, ihr Immobilienportfolio effizient und strategisch zu verwalten, ganz gleich, ob Sie kaufen, verkaufen, vermieten oder Ihre derzeitigen R\u00e4umlichkeiten optimieren m\u00f6chten. Unser Team kombiniert fundierte Marktkenntnisse, datengest\u00fctzte Erkenntnisse und eine globale Reichweite, um L\u00f6sungen anzubieten, die Kosten senken, Risiken begrenzen und mit Ihren Gesch\u00e4ftszielen \u00fcbereinstimmen. <\/p>\n<p>Indem wir als verl\u00e4ngerter Arm Ihres Unternehmens agieren, gew\u00e4hrleisten wir Konsistenz, Leistung und Klarheit bei jeder Ihrer Immobilienentscheidungen.<\/p>\n<p>[\/et_pb_text][\/et_pb_column][\/et_pb_row][\/et_pb_section][et_pb_section fb_built=&#8220;1&#8243; _builder_version=&#8220;4.22.1&#8243; _module_preset=&#8220;default&#8220; background_color=&#8220;#00385b&#8220; background_enable_image=&#8220;off&#8220; parallax=&#8220;on&#8220; da_disable_devices=&#8220;off|off|off&#8220; global_colors_info=&#8220;{}&#8220; da_is_popup=&#8220;off&#8220; da_exit_intent=&#8220;off&#8220; da_has_close=&#8220;on&#8220; da_alt_close=&#8220;off&#8220; da_dark_close=&#8220;off&#8220; da_not_modal=&#8220;on&#8220; da_is_singular=&#8220;off&#8220; da_with_loader=&#8220;off&#8220; da_has_shadow=&#8220;on&#8220;][et_pb_row _builder_version=&#8220;4.16&#8243; _module_preset=&#8220;default&#8220; global_colors_info=&#8220;{}&#8220;][et_pb_column type=&#8220;4_4&#8243; _builder_version=&#8220;4.16&#8243; _module_preset=&#8220;default&#8220; global_colors_info=&#8220;{}&#8220;][et_pb_heading title=&#8220;Dienstleistungen&#8220; _builder_version=&#8220;4.22.1&#8243; _module_preset=&#8220;default&#8220; title_text_align=&#8220;center&#8220; title_text_color=&#8220;#FFFFFF&#8220; title_font=&#8220;||||||||&#8220; hover_enabled=&#8220;0&#8243; sticky_enabled=&#8220;0&#8243; title_font_size=&#8220;36px&#8220;][\/et_pb_heading][\/et_pb_column][\/et_pb_row][et_pb_row column_structure=&#8220;1_2,1_2&#8243; custom_padding_last_edited=&#8220;on|phone&#8220; _builder_version=&#8220;4.22.1&#8243; _module_preset=&#8220;default&#8220; background_color=&#8220;RGBA(0,0,0,0)&#8220; width=&#8220;100%&#8220; max_width=&#8220;1800px&#8220; custom_padding_tablet=&#8220;&#8220; custom_padding_phone=&#8220;|10px||10px|false|false&#8220; global_colors_info=&#8220;{}&#8220;][et_pb_column type=&#8220;1_2&#8243; _builder_version=&#8220;4.22.1&#8243; _module_preset=&#8220;default&#8220; background_color=&#8220;#16425b&#8220; custom_padding=&#8220;20px|20px|30px|20px|false|true&#8220; custom_padding_tablet=&#8220;&#8220; custom_padding_phone=&#8220;&#8220; custom_padding_last_edited=&#8220;on|phone&#8220; animation_style=&#8220;zoom&#8220; border_radii=&#8220;on|10px|10px|10px|10px&#8220; box_shadow_style=&#8220;preset1&#8243; box_shadow_color=&#8220;#000000&#8243; global_colors_info=&#8220;{}&#8220;][et_pb_text _builder_version=&#8220;4.16&#8243; _module_preset=&#8220;default&#8220; header_font=&#8220;Merriweather||||||||&#8220; global_colors_info=&#8220;{}&#8220;]<\/p>\n<h1><span style=\"color: #ffffff;\">Integriertes Portfoliomanagement<\/span><\/h1>\n<p>[\/et_pb_text][et_pb_text _builder_version=&#8220;4.22.1&#8243; _module_preset=&#8220;default&#8220; global_colors_info=&#8220;{}&#8220;]<\/p>\n<p><span style=\"color: #ffffff;\">Die Verwaltung mehrerer Immobilien in verschiedenen St\u00e4dten oder L\u00e4ndern erfordert Pr\u00e4zision, Strategie und Erfahrung. Ganz gleich, ob Sie neue Verm\u00f6genswerte erwerben, konsolidieren oder nicht ausgelastete Immobilien ver\u00e4u\u00dfern, unser Team sorgt daf\u00fcr, dass Ihr Portfolio den Unternehmenswert steigert und das Wachstum unterst\u00fctzt. <\/span><\/p>\n<p><span style=\"color: #ffffff;\"><strong>Unsere Dienstleistungen umfassen<\/strong>:<\/span><\/p>\n<ul>\n<li style=\"color: #ffffff;\"><span style=\"color: #ffffff;\"><strong>Portfolio-Strategie und -Optimierung<\/strong>: Abstimmung Ihres Immobilienportfolios auf Ihre operativen und finanziellen Ziele.<\/span><\/li>\n<li style=\"color: #ffffff;\"><span style=\"color: #ffffff;\"><strong>Immobilienakquisitionen<\/strong>: Identifizierung von Gelegenheiten, Durchf\u00fchrung von Due-Diligence-Pr\u00fcfungen und Kaufverhandlungen.<\/span><\/li>\n<li style=\"color: #ffffff;\"><span style=\"color: #ffffff;\"><strong>Ver\u00e4u\u00dferungen &amp; Verk\u00e4ufe<\/strong>: Beurteilung der Marktbedingungen, Maximierung des Wertes von Verm\u00f6genswerten und Management des Verkaufsprozesses.<\/span><\/li>\n<li style=\"color: #ffffff;\"><span style=\"color: #ffffff;\"><strong>Kosten- und Risikomanagement<\/strong>: Bewertung von Mietvertr\u00e4gen, Verpflichtungen und potenziellen Risiken, um das finanzielle Risiko zu minimieren.<\/span><\/li>\n<li style=\"color: #ffffff;\"><span style=\"color: #ffffff;\"><strong>Beaufsichtigung von Transaktionen<\/strong>: Verwaltung aller Aspekte von Immobilienk\u00e4ufen oder -verk\u00e4ufen, um eine reibungslose Abwicklung zu gew\u00e4hrleisten.<\/span><\/li>\n<\/ul>\n<p><span style=\"color: #ffffff;\">Wir bieten ma\u00dfgeschneiderte L\u00f6sungen f\u00fcr einzelne Verm\u00f6genswerte oder komplexe, mehrere Regionen umfassende Portfolios und helfen Ihnen, die Kontrolle zu behalten und gleichzeitig die Ergebnisse zu maximieren.<\/span><\/p>\n<p>[\/et_pb_text][\/et_pb_column][et_pb_column type=&#8220;1_2&#8243; _builder_version=&#8220;4.22.1&#8243; _module_preset=&#8220;default&#8220; background_color=&#8220;#16425b&#8220; custom_padding=&#8220;20px|20px|20px|20px|false|true&#8220; animation_style=&#8220;zoom&#8220; animation_delay=&#8220;1000ms&#8220; border_radii=&#8220;on|10px|10px|10px|10px&#8220; box_shadow_style=&#8220;preset1&#8243; box_shadow_color=&#8220;#000000&#8243; global_colors_info=&#8220;{}&#8220;][et_pb_text _builder_version=&#8220;4.22.1&#8243; _module_preset=&#8220;default&#8220; header_font=&#8220;Merriweather||||||||&#8220; hover_enabled=&#8220;0&#8243; global_colors_info=&#8220;{}&#8220; sticky_enabled=&#8220;0&#8243;]<\/p>\n<h1><span style=\"color: #ffffff;\">Mietervertretung<\/span><\/h1>\n<p>[\/et_pb_text][et_pb_text _builder_version=&#8220;4.22.1&#8243; _module_preset=&#8220;default&#8220; global_colors_info=&#8220;{}&#8220;]<\/p>\n<p><span style=\"color: #ffffff;\">Ganz gleich, ob Sie expandieren, umziehen oder einen Mietvertrag verl\u00e4ngern m\u00f6chten, die Suche nach dem richtigen Raum zu den richtigen Bedingungen ist f\u00fcr Ihren Gesch\u00e4ftserfolg entscheidend. Unser Team f\u00fcr die Vertretung von Mietern arbeitet ausschlie\u00dflich in Ihrem Namen und nutzt seine Marktkenntnisse und sein Verhandlungsgeschick, um optimale L\u00f6sungen f\u00fcr Ihren Immobilienbedarf zu finden. <\/span><\/p>\n<p><span style=\"color: #ffffff;\"><strong>Unsere Dienstleistungen umfassen<\/strong>:<\/span><\/p>\n<ul>\n<li style=\"color: #ffffff;\"><span style=\"color: #ffffff;\"><strong>Mietvertragsstrategie &amp; Verhandlung<\/strong>: Sicherung g\u00fcnstiger Mietkonditionen durch Expertenverhandlungen und Benchmarking.<\/span><\/li>\n<li style=\"color: #ffffff;\"><span style=\"color: #ffffff;\"><strong>Marktforschung &amp; Identifizierung von Fl\u00e4chen<\/strong>: Analyse von Markttrends, Identifizierung von Fl\u00e4chen, die Ihren Gesch\u00e4ftszielen entsprechen, und Aufdeckung von M\u00f6glichkeiten au\u00dferhalb des Marktes.<\/span><\/li>\n<li style=\"color: #ffffff;\"><span style=\"color: #ffffff;\"><strong>Bewertung des Arbeitsplatzbedarfs<\/strong>: Verstehen Ihrer aktuellen und zuk\u00fcnftigen Raumanforderungen, einschlie\u00dflich Layout, Ausstattung und Standortpriorit\u00e4ten.<\/span><\/li>\n<li style=\"color: #ffffff;\"><span style=\"color: #ffffff;\"><strong>Verl\u00e4ngerungen &amp; Umz\u00fcge<\/strong>: Entscheidungshilfe bei der Erneuerung von Mietvertr\u00e4gen oder der Suche nach neuen R\u00e4umen zur Unterst\u00fctzung des Wachstums.<\/span><\/li>\n<li style=\"color: #ffffff;\"><span style=\"color: #ffffff;\"><strong>Finanzanalyse &amp; Berichterstattung<\/strong>: Bewertung der Gesamtbelegungskosten und langfristige Auswirkungen auf Leasingentscheidungen.<\/span><\/li>\n<\/ul>\n<p><span style=\"color: #ffffff;\">Indem wir w\u00e4hrend des gesamten Prozesses als Ihr Anwalt auftreten, stellen wir sicher, dass Sie den besten Standort, die besten Bedingungen und den besten Wert f\u00fcr Ihre Investition erhalten.<\/span><\/p>\n<p>[\/et_pb_text][\/et_pb_column][\/et_pb_row][\/et_pb_section][et_pb_section fb_built=&#8220;1&#8243; _builder_version=&#8220;4.22.1&#8243; _module_preset=&#8220;default&#8220; background_enable_image=&#8220;off&#8220; animation_style=&#8220;fade&#8220; da_disable_devices=&#8220;off|off|off&#8220; global_colors_info=&#8220;{}&#8220; da_is_popup=&#8220;off&#8220; da_exit_intent=&#8220;off&#8220; da_has_close=&#8220;on&#8220; da_alt_close=&#8220;off&#8220; da_dark_close=&#8220;off&#8220; da_not_modal=&#8220;on&#8220; da_is_singular=&#8220;off&#8220; da_with_loader=&#8220;off&#8220; da_has_shadow=&#8220;on&#8220;][et_pb_row _builder_version=&#8220;4.22.1&#8243; _module_preset=&#8220;default&#8220; global_colors_info=&#8220;{}&#8220;][et_pb_column type=&#8220;4_4&#8243; _builder_version=&#8220;4.22.1&#8243; _module_preset=&#8220;default&#8220; global_colors_info=&#8220;{}&#8220;][et_pb_heading title=&#8220;Geteilte Dienste&#8220; _builder_version=&#8220;4.22.1&#8243; _module_preset=&#8220;default&#8220; title_text_align=&#8220;center&#8220; hover_enabled=&#8220;0&#8243; sticky_enabled=&#8220;0&#8243;][\/et_pb_heading][et_pb_text _builder_version=&#8220;4.22.1&#8243; _module_preset=&#8220;default&#8220; global_colors_info=&#8220;{}&#8220;]<\/p>\n<p style=\"text-align: left;\">Sowohl das Portfoliomanagement als auch die Mietervertretung profitieren von unserem Fachwissen in Kernbereichen, die die Entscheidungsfindung vereinfachen und die Leistung verbessern:<\/p>\n<ul>\n<li style=\"text-align: left;\"><strong>Arbeitsplatz-Strategie &amp; Design<\/strong>: Effiziente, flexible und produktive Arbeitsumgebungen schaffen, die mit Ihrer Kultur und Ihren Zielen \u00fcbereinstimmen.<\/li>\n<li style=\"text-align: left;\"><strong>Finanzielle und betriebliche Analyse<\/strong>: Bereitstellung von detaillierten Kostenanalysen, Prognosen und Berichten, um bessere Immobilienentscheidungen zu treffen.<\/li>\n<li style=\"text-align: left;\"><strong>Nachhaltigkeit &amp; ESG-Integration<\/strong>: Wir bieten Energiemanagementl\u00f6sungen, gr\u00fcne Zertifizierungen und Strategien zur Erreichung von Umweltzielen.<\/li>\n<li style=\"text-align: left;\"><strong>Technologie &amp; Dateneinblicke<\/strong>: Nutzen Sie fortschrittliche Tools und Analysen, um die Portfolio-Performance, Markttrends und Chancen zu verfolgen.<\/li>\n<li style=\"text-align: left;\"><strong>Projektleitung<\/strong>: Beaufsichtigung von Renovierungen, Umz\u00fcgen und Einrichtungsarbeiten, um sicherzustellen, dass die Projekte p\u00fcnktlich und innerhalb des Budgets abgeschlossen werden.<\/li>\n<\/ul>\n<p>[\/et_pb_text][\/et_pb_column][\/et_pb_row][et_pb_row _builder_version=&#8220;4.22.1&#8243; _module_preset=&#8220;default&#8220; global_colors_info=&#8220;{}&#8220;][et_pb_column type=&#8220;4_4&#8243; _builder_version=&#8220;4.22.1&#8243; _module_preset=&#8220;default&#8220; global_colors_info=&#8220;{}&#8220;][et_pb_heading title=&#8220;Warum eine Partnerschaft mit uns?&#8220; _builder_version=&#8220;4.22.1&#8243; _module_preset=&#8220;default&#8220; title_text_align=&#8220;center&#8220; global_colors_info=&#8220;{}&#8220;][\/et_pb_heading][et_pb_text _builder_version=&#8220;4.22.1&#8243; _module_preset=&#8220;default&#8220; global_colors_info=&#8220;{}&#8220;]<\/p>\n<p>Wir kombinieren einen kundenorientierten Ansatz mit fundiertem Fachwissen, um ma\u00dfgeschneiderte L\u00f6sungen f\u00fcr Ihre Immobilienprobleme zu liefern. Ganz gleich, ob es um die Verwaltung Ihres Portfolios oder die Sicherung des richtigen Mietvertrags geht, wir vereinfachen die Komplexit\u00e4t, reduzieren die Risiken und erschlie\u00dfen neue M\u00f6glichkeiten f\u00fcr Ihr Unternehmen. Bei unseren <strong>Global Occupier Services<\/strong> ist es Standard, die Extrameile zu gehen. Wir nutzen unsere Erfahrung und Kreativit\u00e4t, um effektive, ma\u00dfgeschneiderte L\u00f6sungen zu implementieren &#8211; von der <strong>Inspiration bis zur Umsetzung<\/strong>.   <\/p>\n<p><strong>Lassen Sie uns gemeinsam mehr erreichen.<\/strong><\/p>\n<p>[\/et_pb_text][et_pb_button button_url=&#8220;@ET-DC@eyJkeW5hbWljIjp0cnVlLCJjb250ZW50IjoicG9zdF9saW5rX3VybF9wYWdlIiwic2V0dGluZ3MiOnsicG9zdF9pZCI6IjE1MiJ9fQ==@&#8220; button_text=&#8220;Lassen Sie uns zusammenarbeiten&#8220; button_alignment=&#8220;center&#8220; _builder_version=&#8220;4.22.1&#8243; _dynamic_attributes=&#8220;button_url&#8220; _module_preset=&#8220;default&#8220; global_colors_info=&#8220;{}&#8220;][\/et_pb_button][\/et_pb_column][\/et_pb_row][et_pb_row _builder_version=&#8220;4.16&#8243; _module_preset=&#8220;default&#8220; animation_style=&#8220;fade&#8220; border_radii=&#8220;on|10px|10px|10px|10px&#8220; global_colors_info=&#8220;{}&#8220;][et_pb_column type=&#8220;4_4&#8243; _builder_version=&#8220;4.16&#8243; _module_preset=&#8220;default&#8220; global_colors_info=&#8220;{}&#8220;][et_pb_slider _builder_version=&#8220;4.16&#8243; _module_preset=&#8220;default&#8220; background_color=&#8220;#00385b&#8220; border_radii=&#8220;on|10px|10px|10px|10px&#8220; global_colors_info=&#8220;{}&#8220;][et_pb_slide button_text=&#8220;Click Here&#8220; _builder_version=&#8220;4.16&#8243; _module_preset=&#8220;default&#8220; body_font=&#8220;||||||||&#8220; body_font_size=&#8220;20px&#8220; global_colors_info=&#8220;{}&#8220; sticky_transition=&#8220;on&#8220;]<\/p>\n<p><span>Unser Kunde besass ein Grundst\u00fcck, das in den 1950er Jahren von einem Industrieunternehmen genutzt wurde, als Boden- und Wassermanagement keine Rolle spielten. BRIDGEMER leitete die Bem\u00fchungen mit dem Management unseres Kunden, die notwendige \u00dcberpr\u00fcfung, Analyse und Sanierung durchzuf\u00fchren. Unsere Kunden und potenzielle zuk\u00fcnftige Eigent\u00fcmer erhielten hierdurch nicht nur eine sauberere Liegenschaft, sondern auch ein Schritt hin zu ESG-Konformit\u00e4t. Die Liegenschaft entspricht nun heutigen Standards!<\/span><\/p>\n<p>[\/et_pb_slide][et_pb_slide button_text=&#8220;Click Here&#8220; _builder_version=&#8220;4.16&#8243; _module_preset=&#8220;default&#8220; body_font_size=&#8220;20px&#8220; global_colors_info=&#8220;{}&#8220; sticky_transition=&#8220;on&#8220;]<\/p>\n<p><span>Ein global t\u00e4tiger Kunde mit 50 Mietvertr\u00e4gen in 35 L\u00e4ndern ben\u00f6tigte Hilfe bei der Organisation. BRIDGEMER identifizierte eine geeignete Software, verhandelte die Bedingungen und erhebliche Vorteile, um diese bei unserem Kunden zum Laufen zu bringen. BRIDGEMER hat ein System eingerichtet, das eine Echtzeitkontrolle \u00fcber die Verm\u00f6genswerte erm\u00f6glicht, die M\u00f6glichkeit bietet, definierte Ziele zu verfolgen, Arbeitsgruppen zu bilden, Verantwortlichkeiten zuzuweisen und vor allem den Fortschritt zu messen und die Ergebnisse zu quantifizieren. Es funktionierte!<\/span><\/p>\n<p>[\/et_pb_slide][et_pb_slide button_text=&#8220;Click Here&#8220; arrows_custom_color=&#8220;#FFFFFF&#8220; _builder_version=&#8220;4.16&#8243; _module_preset=&#8220;default&#8220; body_font_size=&#8220;20px&#8220; global_colors_info=&#8220;{}&#8220; sticky_transition=&#8220;on&#8220;]<\/p>\n<p><span>Suche nach einem neuen Zuhause f\u00fcr das Unternehmen eines Kunden. Klar, wir haben es geschafft. Der Kunde befand sich jedoch ausserhalb der Stadt und musste den Raum f\u00fcr das ankommende Personal vorbereiten. BRIDGEMER richtete die Essensausgabe ein, besorgte das gesamte Mobiliar, stellte einen Versicherungsmakler, k\u00fcmmerte sich um die Personalverwaltung und die Versetzung der Mitarbeiter und wurde sogar um die Inbetriebnahme des K\u00fchlschranks gebeten. Dieser musste eingesteckt werden. BRIDGEMER war vor Ort und bot einen umfassenden Service!<\/span><\/p>\n<p>[\/et_pb_slide][et_pb_slide button_text=&#8220;Click Here&#8220; _builder_version=&#8220;4.16&#8243; _module_preset=&#8220;default&#8220; body_font_size=&#8220;20px&#8220; global_colors_info=&#8220;{}&#8220; sticky_transition=&#8220;on&#8220;]<\/p>\n<p><span>Ein Kunde hatte eine Immobilie, die seinen Bed\u00fcrfnissen nicht entsprach. BRIDGEMER wurde gebeten, einen Plan und alternative Nutzungsm\u00f6glichkeiten zu entwickeln, wobei \u00dcberlegungen zur Fl\u00e4chennutzung, zu Entwicklungsrisiken und -chancen ber\u00fccksichtigt werden sollten, und eine begr\u00fcndete und fundierte Stellungnahme dazu abzugeben, was getan werden k\u00f6nnte und sollte. BRIDGEMER nahm die Herausforderung an, nachdem andere Firmen abgelehnt hatten. Die Sichtweise und Umsetzung von BRIDGEMER hat die Ziele des Kunden weit \u00fcbertroffen!<\/span><\/p>\n<p>[\/et_pb_slide][\/et_pb_slider][\/et_pb_column][\/et_pb_row][\/et_pb_section]<\/p>\n","protected":false},"excerpt":{"rendered":"<p>Global Occupier ServicesUnsere Dienstleistungen Global Occupier ServicesWir helfen Unternehmen dabei, ihr Immobilienportfolio effizient und strategisch zu verwalten, ganz gleich, ob Sie kaufen, verkaufen, vermieten oder Ihre derzeitigen R\u00e4umlichkeiten optimieren m\u00f6chten. Unser Team kombiniert fundierte Marktkenntnisse, datengest\u00fctzte Erkenntnisse und eine globale Reichweite, um L\u00f6sungen anzubieten, die Kosten senken, Risiken begrenzen und mit Ihren Gesch\u00e4ftszielen \u00fcbereinstimmen. Indem [&hellip;]<\/p>\n","protected":false},"author":2,"featured_media":0,"parent":0,"menu_order":0,"comment_status":"closed","ping_status":"closed","template":"","meta":{"_et_pb_use_builder":"on","_et_pb_old_content":"","_et_gb_content_width":"","footnotes":""},"class_list":["post-975","page","type-page","status-publish","hentry"],"_links":{"self":[{"href":"https:\/\/bridgemer.com\/de\/wp-json\/wp\/v2\/pages\/975","targetHints":{"allow":["GET"]}}],"collection":[{"href":"https:\/\/bridgemer.com\/de\/wp-json\/wp\/v2\/pages"}],"about":[{"href":"https:\/\/bridgemer.com\/de\/wp-json\/wp\/v2\/types\/page"}],"author":[{"embeddable":true,"href":"https:\/\/bridgemer.com\/de\/wp-json\/wp\/v2\/users\/2"}],"replies":[{"embeddable":true,"href":"https:\/\/bridgemer.com\/de\/wp-json\/wp\/v2\/comments?post=975"}],"version-history":[{"count":16,"href":"https:\/\/bridgemer.com\/de\/wp-json\/wp\/v2\/pages\/975\/revisions"}],"predecessor-version":[{"id":2016,"href":"https:\/\/bridgemer.com\/de\/wp-json\/wp\/v2\/pages\/975\/revisions\/2016"}],"wp:attachment":[{"href":"https:\/\/bridgemer.com\/de\/wp-json\/wp\/v2\/media?parent=975"}],"curies":[{"name":"wp","href":"https:\/\/api.w.org\/{rel}","templated":true}]}}