{"id":1225,"date":"2021-11-18T11:29:53","date_gmt":"2021-11-18T11:29:53","guid":{"rendered":"https:\/\/bridgemer.com\/impressum\/"},"modified":"2021-11-18T11:29:55","modified_gmt":"2021-11-18T11:29:55","slug":"impressum","status":"publish","type":"page","link":"https:\/\/bridgemer.com\/de\/impressum\/","title":{"rendered":"Impressum"},"content":{"rendered":"<p>[et_pb_section fb_built=&#8220;1&#8243; _builder_version=&#8220;4.11.4&#8243; _module_preset=&#8220;default&#8220; da_disable_devices=&#8220;off|off|off&#8220; global_colors_info=&#8220;{}&#8220; da_is_popup=&#8220;off&#8220; da_exit_intent=&#8220;off&#8220; da_has_close=&#8220;on&#8220; da_alt_close=&#8220;off&#8220; da_dark_close=&#8220;off&#8220; da_not_modal=&#8220;on&#8220; da_is_singular=&#8220;off&#8220; da_with_loader=&#8220;off&#8220; da_has_shadow=&#8220;on&#8220;][et_pb_row _builder_version=&#8220;4.11.4&#8243; _module_preset=&#8220;default&#8220; global_colors_info=&#8220;{}&#8220;][et_pb_column type=&#8220;4_4&#8243; _builder_version=&#8220;4.11.4&#8243; _module_preset=&#8220;default&#8220; global_colors_info=&#8220;{}&#8220;][et_pb_text _builder_version=&#8220;4.11.4&#8243; _module_preset=&#8220;default&#8220; global_colors_info=&#8220;{}&#8220;]<\/p>\n<h3><strong><i>Kontakt-Adresse<\/i><\/strong><\/h3>\n<p>BRIDGEMER AG<br \/>Sihleggstra\u00dfe 23<br \/>8832 Wollerau<br \/>Schweiz<\/p>\n<p>Email:<br \/>inquire@bridgemer.com<\/p>\n<p>&nbsp;<\/p>\n<h3><strong><i>Vertretungsberechtigte Person(en)<\/i><\/strong><\/h3>\n<p><span>Daniel Shindleman, Gesch\u00e4ftsf\u00fchrer<\/span><\/p>\n<p><span><\/span><\/p>\n<h3><strong><i>Handelsregister-Eintrag<\/i><\/strong><\/h3>\n<p><span>Eingetragener Firmenname:<\/span><br \/><strong>BRIDGEMER AG<\/strong><\/p>\n<p><span>Unternehmens-Nr (UID):<\/span><br \/><strong>CHE-109.867.945<\/strong><\/p>\n<p>&nbsp;<\/p>\n<h3><strong><i>Haftungsausschluss<\/i><\/strong><\/h3>\n<p><span>Der Autor \u00fcbernimmt keine Angaben der ma\u00dfgeblichen, Genauigkeit, Aktualit\u00e4t, Zuverl\u00e4ssigkeit und Gew\u00e4hr der Informationen.<\/span><\/p>\n<p>Haftungsanspr\u00fcche gegen den Autor wegen materieller oder immaterieller Kunst, welche aus dem Zugriff oder der Nutzung bzw. Nichtnutzung der ver\u00f6ffentlichten Informationen, durch Missbrauch der Verbindung oder durch technische St\u00f6rungen entstanden sind, Werden ausgeschlossen.<\/p>\n<p>Alle Angebote sind unverbindlich. Der Autor beh\u00e4lt sich ausdr\u00fccklich vor, Teile der Seiten oder das gesamte Angebot ohne besondere Ank\u00fcndigung zu \u00e4ndern, zu erg\u00e4nzen, zu l\u00f6schen oder sterben zeitweise oder endg\u00fcltig zu ver\u00f6ffentlichen.<\/p>\n<p>&nbsp;<\/p>\n<h3><strong><i>Haftungsausschluss f\u00fcr Links<\/i><\/strong><\/h3>\n<p>Verweise und Links auf Webseiten Dritter liegen au\u00dferhalb unseres Verantwortungsbereichs. Es wird jegliche Verantwortung f\u00fcr solche Webseiten abgelehnt. Der Zugriff und die Nutzung dieser Webseiten erfolgen auf eigene Gefahr des jeweiligen Nutzers.<\/p>\n<p>&nbsp;<\/p>\n<h3><strong><i>Urheberrechte<\/i><\/strong><\/h3>\n<p>Die Urheber- und alle Anderen Rechte an Inhalten, Bildern, Fotos oder Anderen Dateien auf dieser Website, geh\u00f6ren ausschliesslich<span> <\/span><strong>der Firma BRIDGEMER AG<\/strong><span> <\/span>oder den speziell genannten Rechteinhabern. F\u00fcr die Reproduktion jeglicher Elemente ist die schriftliche Zustimmung des Urheberrechtstr\u00e4gers im Voraus einzuholen.<\/p>\n<p>[\/et_pb_text][\/et_pb_column][\/et_pb_row][\/et_pb_section]<\/p>\n","protected":false},"excerpt":{"rendered":"<p>Kontakt-Adresse BRIDGEMER AGSihleggstra\u00dfe 238832 WollerauSchweiz Email:inquire@bridgemer.com &nbsp; Vertretungsberechtigte Person(en) Daniel Shindleman, Gesch\u00e4ftsf\u00fchrer Handelsregister-Eintrag Eingetragener Firmenname:BRIDGEMER AG Unternehmens-Nr (UID):CHE-109.867.945 &nbsp; Haftungsausschluss Der Autor \u00fcbernimmt keine Angaben der ma\u00dfgeblichen, Genauigkeit, Aktualit\u00e4t, Zuverl\u00e4ssigkeit und Gew\u00e4hr der Informationen. Haftungsanspr\u00fcche gegen den Autor wegen materieller oder immaterieller Kunst, welche aus dem Zugriff oder der Nutzung bzw. Nichtnutzung der ver\u00f6ffentlichten Informationen, [&hellip;]<\/p>\n","protected":false},"author":2,"featured_media":0,"parent":0,"menu_order":0,"comment_status":"closed","ping_status":"closed","template":"","meta":{"_et_pb_use_builder":"on","_et_pb_old_content":"","_et_gb_content_width":"","footnotes":""},"class_list":["post-1225","page","type-page","status-publish","hentry"],"_links":{"self":[{"href":"https:\/\/bridgemer.com\/de\/wp-json\/wp\/v2\/pages\/1225","targetHints":{"allow":["GET"]}}],"collection":[{"href":"https:\/\/bridgemer.com\/de\/wp-json\/wp\/v2\/pages"}],"about":[{"href":"https:\/\/bridgemer.com\/de\/wp-json\/wp\/v2\/types\/page"}],"author":[{"embeddable":true,"href":"https:\/\/bridgemer.com\/de\/wp-json\/wp\/v2\/users\/2"}],"replies":[{"embeddable":true,"href":"https:\/\/bridgemer.com\/de\/wp-json\/wp\/v2\/comments?post=1225"}],"version-history":[{"count":0,"href":"https:\/\/bridgemer.com\/de\/wp-json\/wp\/v2\/pages\/1225\/revisions"}],"wp:attachment":[{"href":"https:\/\/bridgemer.com\/de\/wp-json\/wp\/v2\/media?parent=1225"}],"curies":[{"name":"wp","href":"https:\/\/api.w.org\/{rel}","templated":true}]}}