{"id":1080,"date":"2021-11-11T10:38:26","date_gmt":"2021-11-11T10:38:26","guid":{"rendered":"https:\/\/bridgemer-wp.shindico.com\/vermoegensverwaltung\/"},"modified":"2024-12-19T15:03:17","modified_gmt":"2024-12-19T15:03:17","slug":"asset-management","status":"publish","type":"page","link":"https:\/\/bridgemer.com\/de\/asset-management\/","title":{"rendered":"Asset Management"},"content":{"rendered":"<p>[et_pb_section fb_built=&#8220;1&#8243; admin_label=&#8220;Header&#8220; _builder_version=&#8220;4.22.1&#8243; background_enable_color=&#8220;off&#8220; background_image=&#8220;https:\/\/bridgemer.com\/wp-content\/uploads\/2021\/10\/asset-management-big.webp&#8220; parallax=&#8220;on&#8220; width_tablet=&#8220;&#8220; width_phone=&#8220;&#8220; width_last_edited=&#8220;on|phone&#8220; height=&#8220;750px&#8220; height_tablet=&#8220;400px&#8220; height_phone=&#8220;300px&#8220; height_last_edited=&#8220;on|desktop&#8220; custom_margin_tablet=&#8220;&#8220; custom_margin_phone=&#8220;&#8220; custom_margin_last_edited=&#8220;on|phone&#8220; custom_padding=&#8220;8vw||||false|false&#8220; da_disable_devices=&#8220;off|off|off&#8220; global_colors_info=&#8220;{}&#8220; da_is_popup=&#8220;off&#8220; da_exit_intent=&#8220;off&#8220; da_has_close=&#8220;on&#8220; da_alt_close=&#8220;off&#8220; da_dark_close=&#8220;off&#8220; da_not_modal=&#8220;on&#8220; da_is_singular=&#8220;off&#8220; da_with_loader=&#8220;off&#8220; da_has_shadow=&#8220;on&#8220;][et_pb_row column_structure=&#8220;1_2,1_2&#8243; _builder_version=&#8220;4.16&#8243; max_width=&#8220;1500px&#8220; global_colors_info=&#8220;{}&#8220;][et_pb_column type=&#8220;1_2&#8243; _builder_version=&#8220;4.16&#8243; background_color=&#8220;#00385b&#8220; custom_padding=&#8220;|||&#8220; animation_style=&#8220;flip&#8220; border_radii=&#8220;on|10px|10px|10px|10px&#8220; box_shadow_style=&#8220;preset1&#8243; box_shadow_color=&#8220;#000000&#8243; global_colors_info=&#8220;{}&#8220; custom_padding__hover=&#8220;|||&#8220;][et_pb_text _builder_version=&#8220;4.16&#8243; text_font=&#8220;||||||||&#8220; header_font=&#8220;Merriweather|700|||||||&#8220; header_font_size=&#8220;80px&#8220; header_line_height=&#8220;1.3em&#8220; use_background_color_gradient=&#8220;on&#8220; background_color_gradient_direction=&#8220;150deg&#8220; background_color_gradient_stops=&#8220;rgba(0,174,255,0.16) 0%|rgba(29,72,192,0) 100%&#8220; background_color_gradient_start=&#8220;rgba(0,174,255,0.16)&#8220; background_color_gradient_end=&#8220;rgba(29,72,192,0)&#8220; text_orientation=&#8220;right&#8220; background_layout=&#8220;dark&#8220; height_tablet=&#8220;&#8220; height_phone=&#8220;&#8220; height_last_edited=&#8220;on|phone&#8220; custom_padding=&#8220;70px|70px|70px|70px|true|true&#8220; custom_padding_tablet=&#8220;40px|40px|40px|40px|true|true&#8220; custom_padding_phone=&#8220;20px|20px|20px|20px|true|true&#8220; custom_padding_last_edited=&#8220;on|phone&#8220; header_font_size_tablet=&#8220;50px&#8220; header_font_size_phone=&#8220;30px&#8220; header_font_size_last_edited=&#8220;on|phone&#8220; box_shadow_style=&#8220;preset1&#8243; box_shadow_vertical=&#8220;40px&#8220; box_shadow_blur=&#8220;200px&#8220; box_shadow_spread=&#8220;-10px&#8220; global_colors_info=&#8220;{}&#8220;]<\/p>\n<h1 style=\"text-align: right;\">Asset Management<\/h1>\n<p>[\/et_pb_text][\/et_pb_column][et_pb_column type=&#8220;1_2&#8243; _builder_version=&#8220;4.16&#8243; _module_preset=&#8220;default&#8220; global_colors_info=&#8220;{}&#8220;][et_pb_divider show_divider=&#8220;off&#8220; _builder_version=&#8220;4.16&#8243; _module_preset=&#8220;default&#8220; global_colors_info=&#8220;{}&#8220;][\/et_pb_divider][\/et_pb_column][\/et_pb_row][\/et_pb_section][et_pb_section fb_built=&#8220;1&#8243; next_background_color=&#8220;#00385b&#8220; bg_img_2=&#8220;https:\/\/bridgemer-wp.shindico.com\/wp-content\/uploads\/2021\/09\/business-05.jpg&#8220; admin_label=&#8220;About&#8220; _builder_version=&#8220;4.22.1&#8243; background_enable_image=&#8220;off&#8220; background_size=&#8220;initial&#8220; background_position=&#8220;top_center&#8220; bottom_divider_style=&#8220;triangle&#8220; da_disable_devices=&#8220;off|off|off&#8220; global_colors_info=&#8220;{}&#8220; da_is_popup=&#8220;off&#8220; da_exit_intent=&#8220;off&#8220; da_has_close=&#8220;on&#8220; da_alt_close=&#8220;off&#8220; da_dark_close=&#8220;off&#8220; da_not_modal=&#8220;on&#8220; da_is_singular=&#8220;off&#8220; da_with_loader=&#8220;off&#8220; da_has_shadow=&#8220;on&#8220;][et_pb_row _builder_version=&#8220;4.16&#8243; locked=&#8220;off&#8220; global_colors_info=&#8220;{}&#8220; parallax_1__hover=&#8220;off&#8220; parallax_1__hover_enabled=&#8220;off&#8220; parallax_2__hover=&#8220;off&#8220; parallax_2__hover_enabled=&#8220;off&#8220; parallax_3__hover=&#8220;off&#8220; parallax_3__hover_enabled=&#8220;off&#8220; parallax_4__hover=&#8220;off&#8220; parallax_4__hover_enabled=&#8220;off&#8220; parallax_method_1__hover=&#8220;on&#8220; parallax_method_1__hover_enabled=&#8220;on&#8220; parallax_method_2__hover=&#8220;on&#8220; parallax_method_2__hover_enabled=&#8220;on&#8220; parallax_method_3__hover=&#8220;on&#8220; parallax_method_3__hover_enabled=&#8220;on&#8220; parallax_method_4__hover=&#8220;on&#8220; parallax_method_4__hover_enabled=&#8220;on&#8220;][et_pb_column type=&#8220;4_4&#8243; _builder_version=&#8220;4.16&#8243; custom_padding=&#8220;|||&#8220; global_colors_info=&#8220;{}&#8220; custom_padding__hover=&#8220;|||&#8220;][et_pb_text _builder_version=&#8220;4.16&#8243; text_font=&#8220;||||||||&#8220; header_font=&#8220;Merriweather||||||||&#8220; header_2_font=&#8220;Merriweather||||||||&#8220; header_2_font_size=&#8220;40px&#8220; header_2_line_height=&#8220;1.4em&#8220; header_4_font=&#8220;Merriweather|700||on|||||&#8220; header_4_text_color=&#8220;#1d48c0&#8243; header_4_font_size=&#8220;16px&#8220; header_4_letter_spacing=&#8220;2px&#8220; header_4_line_height=&#8220;1.6em&#8220; text_orientation=&#8220;center&#8220; max_width=&#8220;600px&#8220; module_alignment=&#8220;center&#8220; custom_margin=&#8220;||-12px|||&#8220; header_2_font_size_tablet=&#8220;30px&#8220; header_2_font_size_phone=&#8220;22px&#8220; header_2_font_size_last_edited=&#8220;on|phone&#8220; header_4_font_size_tablet=&#8220;&#8220; header_4_font_size_phone=&#8220;14px&#8220; header_4_font_size_last_edited=&#8220;on|phone&#8220; locked=&#8220;off&#8220; global_colors_info=&#8220;{}&#8220;]<\/p>\n<h4>Unsere Dienstleistungen<\/h4>\n<h2>Asset Management<\/h2>\n<p>[\/et_pb_text][\/et_pb_column][\/et_pb_row][et_pb_row _builder_version=&#8220;4.22.1&#8243; custom_padding=&#8220;0px|||||&#8220; global_colors_info=&#8220;{}&#8220;][et_pb_column type=&#8220;4_4&#8243; _builder_version=&#8220;4.16&#8243; custom_padding=&#8220;|||&#8220; global_colors_info=&#8220;{}&#8220; custom_padding__hover=&#8220;|||&#8220;][et_pb_text _builder_version=&#8220;4.16&#8243; text_font=&#8220;||||||||&#8220; header_2_font=&#8220;Glegoo||||||||&#8220; header_2_font_size=&#8220;40px&#8220; header_2_line_height=&#8220;1.4em&#8220; header_4_font=&#8220;|700||on|||||&#8220; header_4_text_color=&#8220;#1d48c0&#8243; header_4_font_size=&#8220;16px&#8220; header_4_letter_spacing=&#8220;2px&#8220; header_4_line_height=&#8220;1.6em&#8220; header_2_font_size_tablet=&#8220;30px&#8220; header_2_font_size_phone=&#8220;22px&#8220; header_2_font_size_last_edited=&#8220;on|phone&#8220; header_4_font_size_tablet=&#8220;&#8220; header_4_font_size_phone=&#8220;14px&#8220; header_4_font_size_last_edited=&#8220;on|phone&#8220; locked=&#8220;off&#8220; global_colors_info=&#8220;{}&#8220;]<\/p>\n<p>Wir bringen einen unternehmerischen Ansatz in die Verm\u00f6gensverwaltung ein, indem wir vielf\u00e4ltiges Fachwissen und innovatives Denken nutzen, um ma\u00dfgeschneiderte L\u00f6sungen zu liefern. Unser Team wendet bew\u00e4hrte Konzepte wie die Risikoallokation aus dem Bereich der industriellen Infrastruktur an, um die Asset-Performance zu optimieren und Ergebnisse zu erzielen. <\/p>\n<p>Mit einem Netzwerk von hochqualifizierten Fachleuten konzentrieren wir uns auf die Aufwertung und Verbesserung von Verm\u00f6genswerten durch strategisches Management. Indem wir unsere Dienstleistungen auf Ihre Ziele abstimmen, helfen wir Ihnen, Werte zu erschlie\u00dfen, Risiken zu minimieren und nachhaltigen Erfolg zu erzielen. <\/p>\n<p>&nbsp;<\/p>\n<p>[\/et_pb_text][\/et_pb_column][\/et_pb_row][\/et_pb_section][et_pb_section fb_built=&#8220;1&#8243; _builder_version=&#8220;4.22.1&#8243; _module_preset=&#8220;default&#8220; background_color=&#8220;#00385b&#8220; background_enable_image=&#8220;off&#8220; da_disable_devices=&#8220;off|off|off&#8220; global_colors_info=&#8220;{}&#8220; da_is_popup=&#8220;off&#8220; da_exit_intent=&#8220;off&#8220; da_has_close=&#8220;on&#8220; da_alt_close=&#8220;off&#8220; da_dark_close=&#8220;off&#8220; da_not_modal=&#8220;on&#8220; da_is_singular=&#8220;off&#8220; da_with_loader=&#8220;off&#8220; da_has_shadow=&#8220;on&#8220;][et_pb_row _builder_version=&#8220;4.16&#8243; _module_preset=&#8220;default&#8220; global_colors_info=&#8220;{}&#8220;][et_pb_column type=&#8220;4_4&#8243; _builder_version=&#8220;4.16&#8243; _module_preset=&#8220;default&#8220; global_colors_info=&#8220;{}&#8220;][et_pb_text _builder_version=&#8220;4.16&#8243; _module_preset=&#8220;default&#8220; header_font=&#8220;Merriweather||||||||&#8220; header_text_color=&#8220;#FFFFFF&#8220; animation_style=&#8220;fade&#8220; locked=&#8220;off&#8220; global_colors_info=&#8220;{}&#8220;]<\/p>\n<h1 style=\"text-align: center;\">Dienstleistungen<\/h1>\n<p>[\/et_pb_text][\/et_pb_column][\/et_pb_row][et_pb_row column_structure=&#8220;1_2,1_2&#8243; custom_padding_last_edited=&#8220;on|phone&#8220; _builder_version=&#8220;4.22.1&#8243; _module_preset=&#8220;default&#8220; background_color=&#8220;RGBA(0,0,0,0)&#8220; width=&#8220;100%&#8220; max_width=&#8220;1800px&#8220; custom_padding_tablet=&#8220;&#8220; custom_padding_phone=&#8220;|10px||10px|false|false&#8220; global_colors_info=&#8220;{}&#8220; custom_padding__hover_enabled=&#8220;on|desktop&#8220;][et_pb_column type=&#8220;1_2&#8243; _builder_version=&#8220;4.22.1&#8243; _module_preset=&#8220;b75f4326-ab1e-4915-823a-2458ece68853&#8243; background_color=&#8220;#16425b&#8220; custom_padding=&#8220;20px|20px|20px|20px|true|true&#8220; box_shadow_style=&#8220;preset1&#8243; global_colors_info=&#8220;{}&#8220;][et_pb_text _builder_version=&#8220;4.16&#8243; _module_preset=&#8220;default&#8220; header_font=&#8220;Merriweather||||||||&#8220; global_colors_info=&#8220;{}&#8220;]<\/p>\n<h1><span style=\"color: #ffffff;\">Dienstleistungen<\/span><\/h1>\n<p>[\/et_pb_text][et_pb_text _builder_version=&#8220;4.16&#8243; _module_preset=&#8220;default&#8220; global_colors_info=&#8220;{}&#8220;]<\/p>\n<p><span style=\"color: #ffffff;\">Wir wenden bew\u00e4hrte Finanz- und Anlagetechniken in Kombination mit soliden betriebswirtschaftlichen Praktiken an, um auf Ihre Bed\u00fcrfnisse zugeschnittene Verm\u00f6gensverwaltungsstrategien zu entwickeln. Unsere Dienstleistungen konzentrieren sich auf die Optimierung des Wertes und der Leistung Ihrer Verm\u00f6genswerte. <\/span><\/p>\n<h4><span style=\"color: #ffffff;\"><strong>Unsere Dienstleistungen umfassen:<\/strong><\/span><\/h4>\n<ul>\n<li style=\"color: #ffffff;\"><span style=\"color: #ffffff;\"><strong>Erreichen Sie Ihre Ziele<\/strong>: Einbindung Ihrer Ziele, um den Wert zu steigern und Risiken zu reduzieren.<\/span><span style=\"color: #ffffff;\"><strong><\/strong><\/span><\/li>\n<li style=\"color: #ffffff;\"><span style=\"color: #ffffff;\"><strong>Erwerb von Verm\u00f6genswerten &amp; Strategie<\/strong>: Identifizierung von Investitionsm\u00f6glichkeiten und Entwicklung einer Strategie zur Maximierung der Ertr\u00e4ge.<\/span><\/li>\n<li style=\"color: #ffffff;\"><span style=\"color: #ffffff;\"><strong>Portfolio Management<\/strong>: Verwaltung von einzelnen oder mehreren Verm\u00f6genswerten, einschlie\u00dflich Immobilien, Landwirtschaft und Infrastruktur, um diese mit Ihren finanziellen Zielen in Einklang zu bringen.<\/span><\/li>\n<li style=\"color: #ffffff;\"><span style=\"color: #ffffff;\"><strong>Beratung in Sachen Fremd- und Eigenkapital<\/strong>: Beratung zu Finanzierungsoptionen und Strukturierung von Gesch\u00e4ften zur Optimierung Ihrer Kapitalinvestitionen.<\/span><\/li>\n<li style=\"color: #ffffff;\"><span style=\"color: #ffffff;\"><strong>Risikomanagement<\/strong>: Identifizierung und Management von Risiken in Bezug auf Marktbedingungen, Umweltfaktoren und operative Aspekte von Verm\u00f6genswerten.<\/span><\/li>\n<\/ul>\n<p><span style=\"color: #ffffff;\">Wir konzentrieren uns auf die Optimierung des Wertes von Verm\u00f6genswerten, indem wir einen umfassenden Ansatz anwenden, der sowohl finanzielle als auch nicht-finanzielle Faktoren ber\u00fccksichtigt. Mit unserem Fachwissen stellen wir sicher, dass Ihre Verm\u00f6genswerte ihr volles Potenzial entfalten, ganz gleich, ob Sie sie erwerben, ver\u00e4u\u00dfern oder Ihr bestehendes Portfolio optimieren m\u00f6chten. <\/span><\/p>\n<ul><\/ul>\n<p>[\/et_pb_text][\/et_pb_column][et_pb_column type=&#8220;1_2&#8243; _builder_version=&#8220;4.22.1&#8243; _module_preset=&#8220;default&#8220; background_color=&#8220;#16425b&#8220; custom_padding=&#8220;20px|20px|20px|20px|true|true&#8220; animation_style=&#8220;zoom&#8220; animation_delay=&#8220;500ms&#8220; border_radii=&#8220;on|10px|10px|10px|10px&#8220; box_shadow_style=&#8220;preset1&#8243; box_shadow_color=&#8220;#000000&#8243; global_colors_info=&#8220;{}&#8220;][et_pb_text _builder_version=&#8220;4.22.1&#8243; _module_preset=&#8220;default&#8220; header_font=&#8220;Merriweather||||||||&#8220; global_colors_info=&#8220;{}&#8220;]<\/p>\n<h1><span style=\"color: #ffffff;\">Die Belohnungen des Besitzes<\/span><\/h1>\n<p>[\/et_pb_text][et_pb_text _builder_version=&#8220;4.22.1&#8243; _module_preset=&#8220;default&#8220; global_colors_info=&#8220;{}&#8220;]<span style=\"color: #ffffff;\">Wir wissen, dass hinter jedem Sachwertportfolio ein Zweck steht. Oder zumindest sollte es einen geben. Kein Zweck existiert in einem Vakuum. Genau dabei k\u00f6nnen wir Ihnen helfen. Auf die Identifizierung Ihres Zwecks folgt unmittelbar die Identifizierung der Risiken, die gemildert werden m\u00fcssen, und der Gewinne, die erzielt werden sollen.    <\/span><\/p>\n<h4><span style=\"color: #ffffff;\">Abschw\u00e4chen:<\/span><\/h4>\n<ul>\n<li style=\"color: #ffffff;\"><span style=\"color: #ffffff;\"><strong>Markt-Risiken<\/strong>: Wie wird der Verm\u00f6genswert unter verschiedenen Marktbedingungen an Wert gewinnen bzw. verlieren?<\/span><\/li>\n<li style=\"color: #ffffff;\"><span style=\"color: #ffffff;\"><strong>\u00d6kologische und soziale Risiken<\/strong>: Die potenziellen Auswirkungen des Besitzes oder der Verwaltung der Anlage auf die Umwelt, die Gesellschaft und den Ruf.<\/span><\/li>\n<li style=\"color: #ffffff;\"><span style=\"color: #ffffff;\"><strong>Vorbereitung auf die Zukunft<\/strong>: Wie der Verm\u00f6genswert zur Erreichung langfristiger Ziele beitragen und sich an ver\u00e4nderte Umst\u00e4nde anpassen kann.<\/span><\/li>\n<\/ul>\n<h4><span style=\"color: #ffffff;\">Erreichen Sie:<\/span><\/h4>\n<ul>\n<li style=\"color: #ffffff;\"><span style=\"color: #ffffff;\"><strong>Rendite:<\/strong> Maximierung des Wertes Ihrer Investitionen bei gleichzeitiger Gew\u00e4hrleistung eines best\u00e4ndigen, nachhaltigen Wachstums.<\/span><\/li>\n<li style=\"color: #ffffff;\"><span style=\"color: #ffffff;\"><strong>Reputation: <\/strong>Aufbau und Erhalt von Vertrauen durch den Besitz von Verm\u00f6genswerten, hinter denen Sie mit Stolz stehen k\u00f6nnen.<\/span><\/li>\n<\/ul>\n<p><span style=\"color: #ffffff;\">Wir verfolgen einen proaktiven Ansatz, der \u00fcber die unmittelbaren Herausforderungen hinausgeht, um nachhaltige L\u00f6sungen anzubieten, die Risiken reduzieren und den zuk\u00fcnftigen Wert steigern.<\/span><\/p>\n<ul><\/ul>\n<p>[\/et_pb_text][\/et_pb_column][\/et_pb_row][\/et_pb_section][et_pb_section fb_built=&#8220;1&#8243; _builder_version=&#8220;4.22.1&#8243; _module_preset=&#8220;default&#8220; background_enable_image=&#8220;off&#8220; animation_style=&#8220;fade&#8220; da_disable_devices=&#8220;off|off|off&#8220; global_colors_info=&#8220;{}&#8220; da_is_popup=&#8220;off&#8220; da_exit_intent=&#8220;off&#8220; da_has_close=&#8220;on&#8220; da_alt_close=&#8220;off&#8220; da_dark_close=&#8220;off&#8220; da_not_modal=&#8220;on&#8220; da_is_singular=&#8220;off&#8220; da_with_loader=&#8220;off&#8220; da_has_shadow=&#8220;on&#8220;][et_pb_row _builder_version=&#8220;4.16&#8243; _module_preset=&#8220;default&#8220; global_colors_info=&#8220;{}&#8220;][et_pb_column type=&#8220;4_4&#8243; _builder_version=&#8220;4.16&#8243; _module_preset=&#8220;default&#8220; global_colors_info=&#8220;{}&#8220;][et_pb_text _builder_version=&#8220;4.16&#8243; _module_preset=&#8220;default&#8220; text_text_color=&#8220;#000000&#8243; header_font=&#8220;Merriweather||||||||&#8220; header_text_color=&#8220;#000000&#8243; global_colors_info=&#8220;{}&#8220;]<\/p>\n<h1 style=\"text-align: center;\"><span style=\"color: #000000;\">Warum eine Partnerschaft mit uns?<\/span><\/h1>\n<p>[\/et_pb_text][\/et_pb_column][\/et_pb_row][et_pb_row _builder_version=&#8220;4.22.1&#8243; _module_preset=&#8220;default&#8220; global_colors_info=&#8220;{}&#8220;][et_pb_column type=&#8220;4_4&#8243; _builder_version=&#8220;4.16&#8243; _module_preset=&#8220;default&#8220; global_colors_info=&#8220;{}&#8220;][et_pb_text _builder_version=&#8220;4.16&#8243; _module_preset=&#8220;default&#8220; global_colors_info=&#8220;{}&#8220;]<\/p>\n<p>Wir kombinieren unternehmerisches Denken mit vielf\u00e4ltigem Fachwissen, um ma\u00dfgeschneiderte L\u00f6sungen f\u00fcr die Verm\u00f6gensverwaltung anzubieten. Ob wir ein bestehendes Portfolio optimieren oder neue Anlagem\u00f6glichkeiten ausloten, wir bringen innovative Ideen und bew\u00e4hrte Strategien mit ein. <\/p>\n<p>Unser Ansatz integriert finanzielle Erkenntnisse, solide Gesch\u00e4ftspraktiken und ein Engagement f\u00fcr Nachhaltigkeit. Indem wir uns an Ihren Zielen orientieren, mindern wir Risiken, steigern die Rendite und sorgen daf\u00fcr, dass Ihr Verm\u00f6gen sein volles Potenzial entfaltet. Von der Strategie bis zur Umsetzung konzentrieren wir uns darauf, Werte zu schaffen und dabei sowohl unmittelbare Bed\u00fcrfnisse als auch langfristige Ziele zu ber\u00fccksichtigen.  <\/p>\n<p><strong>Lassen Sie uns gemeinsam einen dauerhaften Wert schaffen.<\/strong><\/p>\n<p>[\/et_pb_text][et_pb_button button_text=&#8220;Lassen Sie uns zusammenarbeiten&#8220; button_alignment=&#8220;center&#8220; _builder_version=&#8220;4.22.1&#8243; _module_preset=&#8220;default&#8220; hover_enabled=&#8220;0&#8243; global_colors_info=&#8220;{}&#8220; button_url=&#8220;@ET-DC@eyJkeW5hbWljIjp0cnVlLCJjb250ZW50IjoicG9zdF9saW5rX3VybF9wYWdlIiwic2V0dGluZ3MiOnsicG9zdF9pZCI6IjE1MiJ9fQ==@&#8220; _dynamic_attributes=&#8220;button_url&#8220; sticky_enabled=&#8220;0&#8243;][\/et_pb_button][\/et_pb_column][\/et_pb_row][et_pb_row _builder_version=&#8220;4.16&#8243; _module_preset=&#8220;default&#8220; animation_style=&#8220;fade&#8220; border_radii=&#8220;on|10px|10px|10px|10px&#8220; global_colors_info=&#8220;{}&#8220;][et_pb_column type=&#8220;4_4&#8243; _builder_version=&#8220;4.16&#8243; _module_preset=&#8220;default&#8220; global_colors_info=&#8220;{}&#8220;][et_pb_slider _builder_version=&#8220;4.16&#8243; _module_preset=&#8220;default&#8220; background_color=&#8220;#00385b&#8220; custom_margin_last_edited=&#8220;off|desktop&#8220; custom_padding=&#8220;83px||67px|||&#8220; custom_padding_last_edited=&#8220;off|desktop&#8220; border_radii=&#8220;on|10px|10px|10px|10px&#8220; global_colors_info=&#8220;{}&#8220;][et_pb_slide button_text=&#8220;Click Here&#8220; _builder_version=&#8220;4.16&#8243; _module_preset=&#8220;default&#8220; body_font=&#8220;||||||||&#8220; body_font_size=&#8220;20px&#8220; global_colors_info=&#8220;{}&#8220; sticky_transition=&#8220;on&#8220;]<\/p>\n<p>Ein verlassenes Lagerhaus brauchte viel Aufmerksamkeit. Der Markt war der Meinung, dass es als Verteilerzentrum f\u00fcr die letzte Meile renoviert werden sollte. Eine gute Idee. Doch ein Verteilzentrum mit viel Lkw-Verkehr hatte nach Absprache mit den Nachbarn keine leichte Zukunft. Die richtige Investition und Management war es, die Immobilie unter Ber\u00fccksichtigung der neuen Zukunftspl\u00e4ne dieser Immobilie zu einem deutlich reduzierten Preis zu erwerben. Die Neupositionierung und Sanierung der Liegenschaft im Sinne einer neuen Strategie steigerte den Wert der Liegenschaft deutlich. Die neue Strategie bestand darin, eine ausgew\u00e4hlte Gruppe von Mietern unterzubringen, ein objektinternes Umfeld f\u00fcr nachhaltige Gemeinschaftsfl\u00e4chen zu bieten, die Bed\u00fcrfnisse der Mieter zu verstehen, um Annehmlichkeiten f\u00fcr ihre Mitarbeiter bereitzustellen, sich auf die \u201e15 Minuten zur Arbeit\u201c mit dem Fahrrad, zu Fuss oder mit \u00f6ffentlichen Verkehrsmitteln zu konzentrieren und anzuerkennen, dass dieses Objekt neben einem Wohnviertel liegt. Es verwandelt ein verlassenes Lagerhaus nicht in ein Distributionszentrum (das seinen Platz an einem anderen Ort hat), sondern in einen von der Gemeinschaft willkommenen Ort, an dem die Menschen in der N\u00e4he ihres Zuhauses gedeihen k\u00f6nnen. Und w\u00e4hrend dieser Neupositionierung wird die Lagerhalle in der Zwischenzeit, zur Erzielung von Einnahmen, kurzfristig vermietet.<\/p>\n<p>[\/et_pb_slide][et_pb_slide button_text=&#8220;Click Here&#8220; _builder_version=&#8220;4.16&#8243; _module_preset=&#8220;default&#8220; body_font_size=&#8220;20px&#8220; global_colors_info=&#8220;{}&#8220; sticky_transition=&#8220;on&#8220;]<\/p>\n<p>Eine bestehende Immobilie hat Potenzial zur Erweiterung. Die Strategie besteht darin, die Nutzung zu \u00e4ndern. Konzentrieren Sie sich auf bezahlbare Gewerbefl\u00e4chen, um die Kunst- und Technologiegemeinschaften zu bedienen. Gastronomie auch. Modernisierung des Geb\u00e4udes und seiner Systeme nach dem neuesten Stand der ESG und dar\u00fcber hinaus. F\u00fcr die zweite Phase ist eine Erweiterung des Geb\u00e4udes geplant. Und es ist auch nur wenige Minuten zu Fuss von einem wichtigen \u00f6ffentlichen Verkehrsknotenpunkt entfernt. Lassen Sie sich von der Nachbarschaft inspirieren.<\/p>\n<p>[\/et_pb_slide][et_pb_slide button_text=&#8220;Click Here&#8220; arrows_custom_color=&#8220;#FFFFFF&#8220; _builder_version=&#8220;4.16&#8243; _module_preset=&#8220;default&#8220; body_font_size=&#8220;20px&#8220; global_colors_info=&#8220;{}&#8220; sticky_transition=&#8220;on&#8220;]<\/p>\n<p>Ein historisches Geb\u00e4ude befand sich in einem Gebiet mit bedeutenden kommerziellen Aktivit\u00e4ten. Diese Unternehmen brauchte Kunden. Das historische Geb\u00e4ude brauchte ein neues Leben, ein Leben voller Menschen, Familien und Haustiere, die alle die Waren und Dienstleistungen der \u00f6rtlichen Gesch\u00e4fte ben\u00f6tigten. Der Investitionsplan sah vor, etwas zu tun. Das Ergebnis macht aus einem veralteten Geb\u00e4ude eine Investition, auf die die Eigent\u00fcmer heute stolz sein k\u00f6nnen. Das Geb\u00e4ude steht nicht nur gut da, sondern wird auch von der Gemeinde als gesch\u00e4tzter Ort wieder ins Herz geschlossen. Das ist eine Win-Win-Win Situation, f\u00fcr die Eigent\u00fcmer, f\u00fcr die Mieter und f\u00fcr die Gemeinschaft. Dies ist ein Beispiel f\u00fcr die Wiederbelebung des st\u00e4dtischen Lebens. Beweisen Sie, dass Gewinn und Zweck Hand in Hand gehen.<\/p>\n<p>[\/et_pb_slide][\/et_pb_slider][\/et_pb_column][\/et_pb_row][\/et_pb_section]<\/p>\n","protected":false},"excerpt":{"rendered":"<p>Asset ManagementUnsere Dienstleistungen Asset ManagementWir bringen einen unternehmerischen Ansatz in die Verm\u00f6gensverwaltung ein, indem wir vielf\u00e4ltiges Fachwissen und innovatives Denken nutzen, um ma\u00dfgeschneiderte L\u00f6sungen zu liefern. Unser Team wendet bew\u00e4hrte Konzepte wie die Risikoallokation aus dem Bereich der industriellen Infrastruktur an, um die Asset-Performance zu optimieren und Ergebnisse zu erzielen. Mit einem Netzwerk von hochqualifizierten [&hellip;]<\/p>\n","protected":false},"author":2,"featured_media":0,"parent":0,"menu_order":0,"comment_status":"closed","ping_status":"closed","template":"","meta":{"_et_pb_use_builder":"on","_et_pb_old_content":"","_et_gb_content_width":"","footnotes":""},"class_list":["post-1080","page","type-page","status-publish","hentry"],"_links":{"self":[{"href":"https:\/\/bridgemer.com\/de\/wp-json\/wp\/v2\/pages\/1080","targetHints":{"allow":["GET"]}}],"collection":[{"href":"https:\/\/bridgemer.com\/de\/wp-json\/wp\/v2\/pages"}],"about":[{"href":"https:\/\/bridgemer.com\/de\/wp-json\/wp\/v2\/types\/page"}],"author":[{"embeddable":true,"href":"https:\/\/bridgemer.com\/de\/wp-json\/wp\/v2\/users\/2"}],"replies":[{"embeddable":true,"href":"https:\/\/bridgemer.com\/de\/wp-json\/wp\/v2\/comments?post=1080"}],"version-history":[{"count":7,"href":"https:\/\/bridgemer.com\/de\/wp-json\/wp\/v2\/pages\/1080\/revisions"}],"predecessor-version":[{"id":2072,"href":"https:\/\/bridgemer.com\/de\/wp-json\/wp\/v2\/pages\/1080\/revisions\/2072"}],"wp:attachment":[{"href":"https:\/\/bridgemer.com\/de\/wp-json\/wp\/v2\/media?parent=1080"}],"curies":[{"name":"wp","href":"https:\/\/api.w.org\/{rel}","templated":true}]}}